{"id":8122,"date":"2024-07-19T03:08:51","date_gmt":"2024-07-19T03:08:51","guid":{"rendered":"https:\/\/rutaalsur.co\/Principal\/?page_id=8122"},"modified":"2026-01-06T03:44:20","modified_gmt":"2026-01-06T03:44:20","slug":"gestion","status":"publish","type":"page","link":"https:\/\/rutaalsur.co\/Principal\/gestion\/","title":{"rendered":"Gesti\u00f3n"},"content":{"rendered":"\t\t<div data-elementor-type=\"wp-page\" data-elementor-id=\"8122\" class=\"elementor elementor-8122\" data-elementor-settings=\"[]\">\n\t\t\t\t\t\t\t<div class=\"elementor-section-wrap\">\n\t\t\t\t\t\t\t<section class=\"elementor-section elementor-top-section elementor-element elementor-element-c365383 elementor-section-stretched elementor-section-boxed elementor-section-height-default elementor-section-height-default\" data-id=\"c365383\" data-element_type=\"section\" data-settings=\"{&quot;stretch_section&quot;:&quot;section-stretched&quot;,&quot;background_background&quot;:&quot;classic&quot;}\">\n\t\t\t\t\t\t\t<div class=\"elementor-background-overlay\"><\/div>\n\t\t\t\t\t\t\t<div class=\"elementor-container elementor-column-gap-default\">\n\t\t\t\t\t<div class=\"elementor-column elementor-col-100 elementor-top-column elementor-element elementor-element-9370ace\" data-id=\"9370ace\" data-element_type=\"column\">\n\t\t\t<div class=\"elementor-widget-wrap elementor-element-populated\">\n\t\t\t\t\t\t\t\t<div class=\"elementor-element elementor-element-4cb11ab elementor-widget elementor-widget-spacer\" data-id=\"4cb11ab\" data-element_type=\"widget\" data-widget_type=\"spacer.default\">\n\t\t\t\t<div class=\"elementor-widget-container\">\n\t\t\t\t\t<div class=\"elementor-spacer\">\n\t\t\t<div class=\"elementor-spacer-inner\"><\/div>\n\t\t<\/div>\n\t\t\t\t<\/div>\n\t\t\t\t<\/div>\n\t\t\t\t<div class=\"elementor-element elementor-element-e7288ce elementor-widget elementor-widget-heading\" data-id=\"e7288ce\" data-element_type=\"widget\" data-widget_type=\"heading.default\">\n\t\t\t\t<div class=\"elementor-widget-container\">\n\t\t\t<h2 class=\"elementor-heading-title elementor-size-default\">Gesti\u00f3n<\/h2>\t\t<\/div>\n\t\t\t\t<\/div>\n\t\t\t\t<div class=\"elementor-element elementor-element-060ef46 elementor-widget-divider--view-line elementor-widget elementor-widget-divider\" data-id=\"060ef46\" data-element_type=\"widget\" data-widget_type=\"divider.default\">\n\t\t\t\t<div class=\"elementor-widget-container\">\n\t\t\t\t\t<div class=\"elementor-divider\">\n\t\t\t<span class=\"elementor-divider-separator\">\n\t\t\t\t\t\t<\/span>\n\t\t<\/div>\n\t\t\t\t<\/div>\n\t\t\t\t<\/div>\n\t\t\t\t<div class=\"elementor-element elementor-element-25c3045 elementor-widget elementor-widget-spacer\" data-id=\"25c3045\" data-element_type=\"widget\" data-widget_type=\"spacer.default\">\n\t\t\t\t<div class=\"elementor-widget-container\">\n\t\t\t\t\t<div class=\"elementor-spacer\">\n\t\t\t<div class=\"elementor-spacer-inner\"><\/div>\n\t\t<\/div>\n\t\t\t\t<\/div>\n\t\t\t\t<\/div>\n\t\t\t\t\t<\/div>\n\t\t<\/div>\n\t\t\t\t\t\t\t<\/div>\n\t\t<\/section>\n\t\t\t\t<section class=\"elementor-section elementor-top-section elementor-element elementor-element-6ff94fb9 elementor-section-stretched elementor-section-boxed elementor-section-height-default elementor-section-height-default\" data-id=\"6ff94fb9\" data-element_type=\"section\" data-settings=\"{&quot;stretch_section&quot;:&quot;section-stretched&quot;}\">\n\t\t\t\t\t\t<div class=\"elementor-container elementor-column-gap-default\">\n\t\t\t\t\t<div class=\"elementor-column elementor-col-100 elementor-top-column elementor-element elementor-element-123b467e\" data-id=\"123b467e\" data-element_type=\"column\">\n\t\t\t<div class=\"elementor-widget-wrap elementor-element-populated\">\n\t\t\t\t\t\t\t\t<div class=\"elementor-element elementor-element-36db59af elementor-widget elementor-widget-spacer\" data-id=\"36db59af\" data-element_type=\"widget\" id=\"proyecto\" data-widget_type=\"spacer.default\">\n\t\t\t\t<div class=\"elementor-widget-container\">\n\t\t\t\t\t<div class=\"elementor-spacer\">\n\t\t\t<div class=\"elementor-spacer-inner\"><\/div>\n\t\t<\/div>\n\t\t\t\t<\/div>\n\t\t\t\t<\/div>\n\t\t\t\t<div class=\"elementor-element elementor-element-e86832e elementor--h-position-center elementor--v-position-middle elementor-arrows-position-inside elementor-pagination-position-inside elementor-widget elementor-widget-slides\" data-id=\"e86832e\" data-element_type=\"widget\" data-settings=\"{&quot;navigation&quot;:&quot;both&quot;,&quot;autoplay&quot;:&quot;yes&quot;,&quot;pause_on_hover&quot;:&quot;yes&quot;,&quot;pause_on_interaction&quot;:&quot;yes&quot;,&quot;autoplay_speed&quot;:5000,&quot;infinite&quot;:&quot;yes&quot;,&quot;transition&quot;:&quot;slide&quot;,&quot;transition_speed&quot;:500}\" data-widget_type=\"slides.default\">\n\t\t\t\t<div class=\"elementor-widget-container\">\n\t\t\t\t\t<div class=\"elementor-swiper\">\n\t\t\t<div class=\"elementor-slides-wrapper elementor-main-swiper swiper-container\" dir=\"ltr\" data-animation=\"fadeInUp\">\n\t\t\t\t<div class=\"swiper-wrapper elementor-slides\">\n\t\t\t\t\t<div class=\"elementor-repeater-item-433fafa swiper-slide\"><div class=\"swiper-slide-bg\"><\/div><a class=\"swiper-slide-inner\" href=\"https:\/\/rutaalsur.co\/Principal\/notificaciones-2026\/\"><div class=\"swiper-slide-contents\"><div class=\"elementor-slide-heading\">Notificaciones Prediales 2026<\/div><div class=\"elementor-slide-description\">Notificaciones prediales en el marco de la construcci\u00f3n del proyecto vial Santana - Mocoa - Neiva<\/div><div  class=\"elementor-button elementor-slide-button elementor-size-sm\">Acceder Aqu\u00ed<\/div><\/div><\/a><\/div><div class=\"elementor-repeater-item-7b46c47 swiper-slide\"><div class=\"swiper-slide-bg\"><\/div><div class=\"swiper-slide-inner\" ><div class=\"swiper-slide-contents\"><div class=\"elementor-slide-heading\">Historial de Notificaciones<\/div><a href=\"https:\/\/rutaalsur.co\/Principal\/historico-notificaciones\/\" class=\"elementor-button elementor-slide-button elementor-size-sm\">Ver M\u00e1s<\/a><\/div><\/div><\/div>\t\t\t\t<\/div>\n\t\t\t\t\t\t\t\t\t\t\t\t\t\t\t<div class=\"swiper-pagination\"><\/div>\n\t\t\t\t\t\t\t\t\t\t\t\t\t\t\t\t<div class=\"elementor-swiper-button elementor-swiper-button-prev\">\n\t\t\t\t\t\t\t<i class=\"eicon-chevron-left\" aria-hidden=\"true\"><\/i>\n\t\t\t\t\t\t\t<span class=\"elementor-screen-only\">Previous<\/span>\n\t\t\t\t\t\t<\/div>\n\t\t\t\t\t\t<div class=\"elementor-swiper-button elementor-swiper-button-next\">\n\t\t\t\t\t\t\t<i class=\"eicon-chevron-right\" aria-hidden=\"true\"><\/i>\n\t\t\t\t\t\t\t<span class=\"elementor-screen-only\">Next<\/span>\n\t\t\t\t\t\t<\/div>\n\t\t\t\t\t\t\t\t\t\t\t\t<\/div>\n\t\t<\/div>\n\t\t\t\t<\/div>\n\t\t\t\t<\/div>\n\t\t\t\t<section class=\"elementor-section elementor-inner-section elementor-element elementor-element-18eb323 elementor-section-boxed elementor-section-height-default elementor-section-height-default\" data-id=\"18eb323\" data-element_type=\"section\">\n\t\t\t\t\t\t<div class=\"elementor-container elementor-column-gap-default\">\n\t\t\t\t\t<div class=\"elementor-column elementor-col-33 elementor-inner-column elementor-element elementor-element-1202f7e\" data-id=\"1202f7e\" data-element_type=\"column\" data-settings=\"{&quot;background_background&quot;:&quot;classic&quot;}\">\n\t\t\t<div class=\"elementor-widget-wrap elementor-element-populated\">\n\t\t\t\t\t<div class=\"elementor-background-overlay\"><\/div>\n\t\t\t\t\t\t\t\t<div class=\"elementor-element elementor-element-bcaeca2 elementor-cta--layout-image-above elementor-cta--valign-middle elementor-cta--skin-classic elementor-animated-content elementor-bg-transform elementor-bg-transform-zoom-in elementor-widget elementor-widget-call-to-action\" data-id=\"bcaeca2\" data-element_type=\"widget\" data-widget_type=\"call-to-action.default\">\n\t\t\t\t<div class=\"elementor-widget-container\">\n\t\t\t\t\t<div  class=\"elementor-cta\">\n\t\t\t\t\t<div class=\"elementor-cta__bg-wrapper\">\n\t\t\t\t<div class=\"elementor-cta__bg elementor-bg\" style=\"background-image: url(https:\/\/rutaalsur.co\/Principal\/wp-content\/uploads\/2024\/07\/WhatsApp-Image-2024-07-18-at-10.25.14-PM.jpeg);\"><\/div>\n\t\t\t\t<div class=\"elementor-cta__bg-overlay\"><\/div>\n\t\t\t<\/div>\n\t\t\t\t\t\t\t<div class=\"elementor-cta__content\">\n\t\t\t\t\n\t\t\t\t\t\t\t\t\t<h2 class=\"elementor-cta__title elementor-cta__content-item elementor-content-item\">\n\t\t\t\t\t\tGesti\u00f3n Social\t\t\t\t\t<\/h2>\n\t\t\t\t\n\t\t\t\t\t\t\t\t\t<div class=\"elementor-cta__description elementor-cta__content-item elementor-content-item\">\n\t\t\t\t\t\tInformamos, capacitamos, sensibilizamos e inducimos a conductas adecuadas en relaci\u00f3n con el uso de la infraestructura y orientamos a nuestros usuarios de la v\u00eda sobre la percepci\u00f3n, reconocimiento y manejo del riesgo en el uso de las v\u00edas.\t\t\t\t\t<\/div>\n\t\t\t\t\n\t\t\t\t\t\t\t\t\t<div class=\"elementor-cta__button-wrapper elementor-cta__content-item elementor-content-item \">\n\t\t\t\t\t<a class=\"elementor-cta__button elementor-button elementor-size-sm\" href=\"https:\/\/rutaalsur.co\/Principal\/gestion-social\/\">\n\t\t\t\t\t\tVer M\u00e1s\t\t\t\t\t<\/a>\n\t\t\t\t\t<\/div>\n\t\t\t\t\t\t\t<\/div>\n\t\t\t\t\t\t<\/div>\n\t\t\t\t<\/div>\n\t\t\t\t<\/div>\n\t\t\t\t\t<\/div>\n\t\t<\/div>\n\t\t\t\t<div class=\"elementor-column elementor-col-33 elementor-inner-column elementor-element elementor-element-859e0c5\" data-id=\"859e0c5\" data-element_type=\"column\" data-settings=\"{&quot;background_background&quot;:&quot;classic&quot;}\">\n\t\t\t<div class=\"elementor-widget-wrap elementor-element-populated\">\n\t\t\t\t\t\t\t\t<div class=\"elementor-element elementor-element-2e77beb elementor-cta--layout-image-above elementor-cta--valign-middle elementor-cta--sequenced-animation elementor-cta--skin-classic elementor-animated-content elementor-bg-transform elementor-bg-transform-zoom-in elementor-widget elementor-widget-call-to-action\" data-id=\"2e77beb\" data-element_type=\"widget\" data-widget_type=\"call-to-action.default\">\n\t\t\t\t<div class=\"elementor-widget-container\">\n\t\t\t\t\t<div  class=\"elementor-cta\">\n\t\t\t\t\t<div class=\"elementor-cta__bg-wrapper\">\n\t\t\t\t<div class=\"elementor-cta__bg elementor-bg\" style=\"background-image: url(https:\/\/rutaalsur.co\/Principal\/wp-content\/uploads\/2024\/08\/WhatsApp-Image-2024-08-20-at-7.52.52-PM.jpeg);\"><\/div>\n\t\t\t\t<div class=\"elementor-cta__bg-overlay\"><\/div>\n\t\t\t<\/div>\n\t\t\t\t\t\t\t<div class=\"elementor-cta__content\">\n\t\t\t\t\n\t\t\t\t\t\t\t\t\t<h2 class=\"elementor-cta__title elementor-cta__content-item elementor-content-item\">\n\t\t\t\t\t\tGesti\u00f3n Predial\t\t\t\t\t<\/h2>\n\t\t\t\t\n\t\t\t\t\t\t\t\t\t<div class=\"elementor-cta__description elementor-cta__content-item elementor-content-item\">\n\t\t\t\t\t\tLa gesti\u00f3n predial es el proceso conducente a obtener la disponibilidad y titularidad de los predios requeridos para la ejecuci\u00f3n del proyecto a favor de la Agencia Nacional de Infraestructura.\t\t\t\t\t<\/div>\n\t\t\t\t\n\t\t\t\t\t\t\t\t\t<div class=\"elementor-cta__button-wrapper elementor-cta__content-item elementor-content-item \">\n\t\t\t\t\t<a class=\"elementor-cta__button elementor-button elementor-size-sm\" href=\"https:\/\/rutaalsur.co\/Principal\/gestion-predial\/\">\n\t\t\t\t\t\tVer M\u00e1s\t\t\t\t\t<\/a>\n\t\t\t\t\t<\/div>\n\t\t\t\t\t\t\t<\/div>\n\t\t\t\t\t\t<\/div>\n\t\t\t\t<\/div>\n\t\t\t\t<\/div>\n\t\t\t\t\t<\/div>\n\t\t<\/div>\n\t\t\t\t<div class=\"elementor-column elementor-col-33 elementor-inner-column elementor-element elementor-element-9739652\" data-id=\"9739652\" data-element_type=\"column\" data-settings=\"{&quot;background_background&quot;:&quot;classic&quot;}\">\n\t\t\t<div class=\"elementor-widget-wrap elementor-element-populated\">\n\t\t\t\t\t<div class=\"elementor-background-overlay\"><\/div>\n\t\t\t\t\t\t\t\t<div class=\"elementor-element elementor-element-b79dac4 elementor-cta--layout-image-above elementor-cta--valign-middle elementor-cta--skin-classic elementor-animated-content elementor-bg-transform elementor-bg-transform-zoom-in elementor-widget elementor-widget-call-to-action\" data-id=\"b79dac4\" data-element_type=\"widget\" data-widget_type=\"call-to-action.default\">\n\t\t\t\t<div class=\"elementor-widget-container\">\n\t\t\t\t\t<div  class=\"elementor-cta\">\n\t\t\t\t\t<div class=\"elementor-cta__bg-wrapper\">\n\t\t\t\t<div class=\"elementor-cta__bg elementor-bg\" style=\"background-image: url(https:\/\/rutaalsur.co\/Principal\/wp-content\/uploads\/2024\/07\/DJI_0524-1536x864.jpg);\"><\/div>\n\t\t\t\t<div class=\"elementor-cta__bg-overlay\"><\/div>\n\t\t\t<\/div>\n\t\t\t\t\t\t\t<div class=\"elementor-cta__content\">\n\t\t\t\t\n\t\t\t\t\t\t\t\t\t<h2 class=\"elementor-cta__title elementor-cta__content-item elementor-content-item\">\n\t\t\t\t\t\tGesti\u00f3n Ambiental\t\t\t\t\t<\/h2>\n\t\t\t\t\n\t\t\t\t\t\t\t\t\t<div class=\"elementor-cta__description elementor-cta__content-item elementor-content-item\">\n\t\t\t\t\t\tLa Concesionaria Ruta al Sur S.A.S, encargada del proyecto vial Santana-Mocoa-Neiva ha puesto en marcha el desarrollo de acciones enfocadas en la responsabilidad ambiental, gesti\u00f3n de tr\u00e1mites y cumplimiento a las obligaciones ambientales de los permisos y\/o licencias del proyecto.\t\t\t\t\t<\/div>\n\t\t\t\t\n\t\t\t\t\t\t\t\t\t<div class=\"elementor-cta__button-wrapper elementor-cta__content-item elementor-content-item \">\n\t\t\t\t\t<a class=\"elementor-cta__button elementor-button elementor-size-sm\" href=\"https:\/\/rutaalsur.co\/Principal\/gestion-ambiental\/\">\n\t\t\t\t\t\tVer M\u00e1s\t\t\t\t\t<\/a>\n\t\t\t\t\t<\/div>\n\t\t\t\t\t\t\t<\/div>\n\t\t\t\t\t\t<\/div>\n\t\t\t\t<\/div>\n\t\t\t\t<\/div>\n\t\t\t\t\t<\/div>\n\t\t<\/div>\n\t\t\t\t\t\t\t<\/div>\n\t\t<\/section>\n\t\t\t\t<div class=\"elementor-element elementor-element-7795d94 elementor-widget elementor-widget-spacer\" data-id=\"7795d94\" data-element_type=\"widget\" data-widget_type=\"spacer.default\">\n\t\t\t\t<div class=\"elementor-widget-container\">\n\t\t\t\t\t<div class=\"elementor-spacer\">\n\t\t\t<div class=\"elementor-spacer-inner\"><\/div>\n\t\t<\/div>\n\t\t\t\t<\/div>\n\t\t\t\t<\/div>\n\t\t\t\t<div class=\"elementor-element elementor-element-ac9fdc5 elementor--h-position-center elementor--v-position-middle elementor-arrows-position-inside elementor-pagination-position-inside elementor-invisible elementor-widget elementor-widget-slides\" data-id=\"ac9fdc5\" data-element_type=\"widget\" data-settings=\"{&quot;_animation&quot;:&quot;fadeIn&quot;,&quot;navigation&quot;:&quot;both&quot;,&quot;autoplay&quot;:&quot;yes&quot;,&quot;pause_on_hover&quot;:&quot;yes&quot;,&quot;pause_on_interaction&quot;:&quot;yes&quot;,&quot;autoplay_speed&quot;:5000,&quot;infinite&quot;:&quot;yes&quot;,&quot;transition&quot;:&quot;slide&quot;,&quot;transition_speed&quot;:500}\" data-widget_type=\"slides.default\">\n\t\t\t\t<div class=\"elementor-widget-container\">\n\t\t\t\t\t<div class=\"elementor-swiper\">\n\t\t\t<div class=\"elementor-slides-wrapper elementor-main-swiper swiper-container\" dir=\"ltr\" data-animation=\"fadeInUp\">\n\t\t\t\t<div class=\"swiper-wrapper elementor-slides\">\n\t\t\t\t\t<div class=\"elementor-repeater-item-433fafa swiper-slide\"><div class=\"swiper-slide-bg\"><\/div><a class=\"swiper-slide-inner\" href=\"https:\/\/rutaalsur.co\/Principal\/notificaciones-judiciales\/\"><div class=\"swiper-slide-contents\"><div class=\"elementor-slide-heading\">Notificaciones Judiciales<\/div><div class=\"elementor-slide-description\">Notificaciones Judiciales en el marco de la construcci\u00f3n del proyecto vial Santana - Mocoa - Neiva<\/div><div  class=\"elementor-button elementor-slide-button elementor-size-sm\">Acceder Aqu\u00ed<\/div><\/div><\/a><\/div>\t\t\t\t<\/div>\n\t\t\t\t\t\t\t<\/div>\n\t\t<\/div>\n\t\t\t\t<\/div>\n\t\t\t\t<\/div>\n\t\t\t\t<div class=\"elementor-element elementor-element-7df0f93 elementor-widget elementor-widget-testimonial\" data-id=\"7df0f93\" data-element_type=\"widget\" data-widget_type=\"testimonial.default\">\n\t\t\t\t<div class=\"elementor-widget-container\">\n\t\t\t\t\t<div class=\"elementor-testimonial-wrapper\">\n\t\t\t\t\t\t\t<div class=\"elementor-testimonial-content\">L\u00ednea \u00c9tica\n\nLa Concesionaria, ha puesto a disposici\u00f3n de sus empleados, contratistas, proveedores y en general para cualquier tercero relacionado una L\u00ednea \u00c9tica a trav\u00e9s del siguiente correo electr\u00f3nico, el cual ser\u00e1 administrado por el Oficial de Cumplimiento: Mail: transparencia@rutaalsur.co \n\n<\/div>\n\t\t\t\n\t\t\t\t\t\t<div class=\"elementor-testimonial-meta elementor-has-image elementor-testimonial-image-position-aside\">\n\t\t\t\t<div class=\"elementor-testimonial-meta-inner\">\n\t\t\t\t\t\t\t\t\t\t\t<div class=\"elementor-testimonial-image\">\n\t\t\t\t\t\t\t<img loading=\"lazy\" decoding=\"async\" width=\"512\" height=\"512\" src=\"https:\/\/rutaalsur.co\/Principal\/wp-content\/uploads\/2024\/04\/balance-scale.png\" class=\"attachment-medium size-medium\" alt=\"\" \/>\t\t\t\t\t\t<\/div>\n\t\t\t\t\t\n\t\t\t\t\t\t\t\t\t<\/div>\n\t\t\t<\/div>\n\t\t\t\t\t<\/div>\n\t\t\t\t<\/div>\n\t\t\t\t<\/div>\n\t\t\t\t\t<\/div>\n\t\t<\/div>\n\t\t\t\t\t\t\t<\/div>\n\t\t<\/section>\n\t\t\t\t\t\t<\/div>\n\t\t\t\t\t<\/div>\n\t\t","protected":false},"excerpt":{"rendered":"<p>Gesti\u00f3n Notificaciones Prediales 2026Notificaciones prediales en el marco de la construcci\u00f3n del proyecto vial Santana &#8211; Mocoa &#8211; NeivaAcceder Aqu\u00edHistorial de NotificacionesVer M\u00e1s Previous Next Gesti\u00f3n Social Informamos, capacitamos, sensibilizamos e inducimos a conductas adecuadas en relaci\u00f3n con el uso de la infraestructura y orientamos a nuestros usuarios de la v\u00eda sobre la percepci\u00f3n, reconocimiento [&hellip;]<\/p>\n","protected":false},"author":2,"featured_media":0,"parent":0,"menu_order":0,"comment_status":"closed","ping_status":"open","template":"","meta":{"_joinchat":[],"footnotes":""},"class_list":["post-8122","page","type-page","status-publish","hentry"],"yoast_head":"<!-- This site is optimized with the Yoast SEO plugin v23.0 - https:\/\/yoast.com\/wordpress\/plugins\/seo\/ -->\n<title>Gesti\u00f3n - Concesionaria Ruta al Sur<\/title>\n<meta name=\"robots\" content=\"index, follow, max-snippet:-1, max-image-preview:large, max-video-preview:-1\" \/>\n<link rel=\"canonical\" href=\"https:\/\/rutaalsur.co\/Principal\/gestion\/\" \/>\n<meta property=\"og:locale\" content=\"es_ES\" \/>\n<meta property=\"og:type\" content=\"article\" \/>\n<meta property=\"og:title\" content=\"Gesti\u00f3n - Concesionaria Ruta al Sur\" \/>\n<meta property=\"og:description\" content=\"Gesti\u00f3n Notificaciones Prediales 2026Notificaciones prediales en el marco de la construcci\u00f3n del proyecto vial Santana &#8211; Mocoa &#8211; NeivaAcceder Aqu\u00edHistorial de NotificacionesVer M\u00e1s Previous Next Gesti\u00f3n Social Informamos, capacitamos, sensibilizamos e inducimos a conductas adecuadas en relaci\u00f3n con el uso de la infraestructura y orientamos a nuestros usuarios de la v\u00eda sobre la percepci\u00f3n, reconocimiento [&hellip;]\" \/>\n<meta property=\"og:url\" content=\"https:\/\/rutaalsur.co\/Principal\/gestion\/\" \/>\n<meta property=\"og:site_name\" content=\"Concesionaria Ruta al Sur\" \/>\n<meta property=\"article:publisher\" content=\"https:\/\/www.facebook.com\/RutaalsurOfi\" \/>\n<meta property=\"article:modified_time\" content=\"2026-01-06T03:44:20+00:00\" \/>\n<meta property=\"og:image\" content=\"https:\/\/rutaalsur.co\/Principal\/wp-content\/uploads\/2024\/04\/balance-scale.png\" \/>\n<meta name=\"twitter:card\" content=\"summary_large_image\" \/>\n<meta name=\"twitter:label1\" content=\"Tiempo de lectura\" \/>\n\t<meta name=\"twitter:data1\" content=\"2 minutos\" \/>\n<script type=\"application\/ld+json\" class=\"yoast-schema-graph\">{\"@context\":\"https:\/\/schema.org\",\"@graph\":[{\"@type\":\"WebPage\",\"@id\":\"https:\/\/rutaalsur.co\/Principal\/gestion\/\",\"url\":\"https:\/\/rutaalsur.co\/Principal\/gestion\/\",\"name\":\"Gesti\u00f3n - Concesionaria Ruta al Sur\",\"isPartOf\":{\"@id\":\"https:\/\/rutaalsur.co\/Principal\/#website\"},\"primaryImageOfPage\":{\"@id\":\"https:\/\/rutaalsur.co\/Principal\/gestion\/#primaryimage\"},\"image\":{\"@id\":\"https:\/\/rutaalsur.co\/Principal\/gestion\/#primaryimage\"},\"thumbnailUrl\":\"https:\/\/rutaalsur.co\/Principal\/wp-content\/uploads\/2024\/04\/balance-scale.png\",\"datePublished\":\"2024-07-19T03:08:51+00:00\",\"dateModified\":\"2026-01-06T03:44:20+00:00\",\"breadcrumb\":{\"@id\":\"https:\/\/rutaalsur.co\/Principal\/gestion\/#breadcrumb\"},\"inLanguage\":\"es\",\"potentialAction\":[{\"@type\":\"ReadAction\",\"target\":[\"https:\/\/rutaalsur.co\/Principal\/gestion\/\"]}]},{\"@type\":\"ImageObject\",\"inLanguage\":\"es\",\"@id\":\"https:\/\/rutaalsur.co\/Principal\/gestion\/#primaryimage\",\"url\":\"https:\/\/rutaalsur.co\/Principal\/wp-content\/uploads\/2024\/04\/balance-scale.png\",\"contentUrl\":\"https:\/\/rutaalsur.co\/Principal\/wp-content\/uploads\/2024\/04\/balance-scale.png\",\"width\":512,\"height\":512},{\"@type\":\"BreadcrumbList\",\"@id\":\"https:\/\/rutaalsur.co\/Principal\/gestion\/#breadcrumb\",\"itemListElement\":[{\"@type\":\"ListItem\",\"position\":1,\"name\":\"Portada\",\"item\":\"https:\/\/rutaalsur.co\/Principal\/\"},{\"@type\":\"ListItem\",\"position\":2,\"name\":\"Gesti\u00f3n\"}]},{\"@type\":\"WebSite\",\"@id\":\"https:\/\/rutaalsur.co\/Principal\/#website\",\"url\":\"https:\/\/rutaalsur.co\/Principal\/\",\"name\":\"Concesionaria Ruta al Sur\",\"description\":\"Bienvenidos\",\"publisher\":{\"@id\":\"https:\/\/rutaalsur.co\/Principal\/#organization\"},\"potentialAction\":[{\"@type\":\"SearchAction\",\"target\":{\"@type\":\"EntryPoint\",\"urlTemplate\":\"https:\/\/rutaalsur.co\/Principal\/?s={search_term_string}\"},\"query-input\":\"required name=search_term_string\"}],\"inLanguage\":\"es\"},{\"@type\":\"Organization\",\"@id\":\"https:\/\/rutaalsur.co\/Principal\/#organization\",\"name\":\"Ruta al Sur\",\"url\":\"https:\/\/rutaalsur.co\/Principal\/\",\"logo\":{\"@type\":\"ImageObject\",\"inLanguage\":\"es\",\"@id\":\"https:\/\/rutaalsur.co\/Principal\/#\/schema\/logo\/image\/\",\"url\":\"https:\/\/rutaalsur.co\/Principal\/wp-content\/uploads\/2021\/09\/4.png\",\"contentUrl\":\"https:\/\/rutaalsur.co\/Principal\/wp-content\/uploads\/2021\/09\/4.png\",\"width\":600,\"height\":400,\"caption\":\"Ruta al Sur\"},\"image\":{\"@id\":\"https:\/\/rutaalsur.co\/Principal\/#\/schema\/logo\/image\/\"},\"sameAs\":[\"https:\/\/www.facebook.com\/RutaalsurOfi\"]}]}<\/script>\n<!-- \/ Yoast SEO plugin. -->","yoast_head_json":{"title":"Gesti\u00f3n - Concesionaria Ruta al Sur","robots":{"index":"index","follow":"follow","max-snippet":"max-snippet:-1","max-image-preview":"max-image-preview:large","max-video-preview":"max-video-preview:-1"},"canonical":"https:\/\/rutaalsur.co\/Principal\/gestion\/","og_locale":"es_ES","og_type":"article","og_title":"Gesti\u00f3n - Concesionaria Ruta al Sur","og_description":"Gesti\u00f3n Notificaciones Prediales 2026Notificaciones prediales en el marco de la construcci\u00f3n del proyecto vial Santana &#8211; Mocoa &#8211; NeivaAcceder Aqu\u00edHistorial de NotificacionesVer M\u00e1s Previous Next Gesti\u00f3n Social Informamos, capacitamos, sensibilizamos e inducimos a conductas adecuadas en relaci\u00f3n con el uso de la infraestructura y orientamos a nuestros usuarios de la v\u00eda sobre la percepci\u00f3n, reconocimiento [&hellip;]","og_url":"https:\/\/rutaalsur.co\/Principal\/gestion\/","og_site_name":"Concesionaria Ruta al Sur","article_publisher":"https:\/\/www.facebook.com\/RutaalsurOfi","article_modified_time":"2026-01-06T03:44:20+00:00","og_image":[{"url":"https:\/\/rutaalsur.co\/Principal\/wp-content\/uploads\/2024\/04\/balance-scale.png"}],"twitter_card":"summary_large_image","twitter_misc":{"Tiempo de lectura":"2 minutos"},"schema":{"@context":"https:\/\/schema.org","@graph":[{"@type":"WebPage","@id":"https:\/\/rutaalsur.co\/Principal\/gestion\/","url":"https:\/\/rutaalsur.co\/Principal\/gestion\/","name":"Gesti\u00f3n - Concesionaria Ruta al Sur","isPartOf":{"@id":"https:\/\/rutaalsur.co\/Principal\/#website"},"primaryImageOfPage":{"@id":"https:\/\/rutaalsur.co\/Principal\/gestion\/#primaryimage"},"image":{"@id":"https:\/\/rutaalsur.co\/Principal\/gestion\/#primaryimage"},"thumbnailUrl":"https:\/\/rutaalsur.co\/Principal\/wp-content\/uploads\/2024\/04\/balance-scale.png","datePublished":"2024-07-19T03:08:51+00:00","dateModified":"2026-01-06T03:44:20+00:00","breadcrumb":{"@id":"https:\/\/rutaalsur.co\/Principal\/gestion\/#breadcrumb"},"inLanguage":"es","potentialAction":[{"@type":"ReadAction","target":["https:\/\/rutaalsur.co\/Principal\/gestion\/"]}]},{"@type":"ImageObject","inLanguage":"es","@id":"https:\/\/rutaalsur.co\/Principal\/gestion\/#primaryimage","url":"https:\/\/rutaalsur.co\/Principal\/wp-content\/uploads\/2024\/04\/balance-scale.png","contentUrl":"https:\/\/rutaalsur.co\/Principal\/wp-content\/uploads\/2024\/04\/balance-scale.png","width":512,"height":512},{"@type":"BreadcrumbList","@id":"https:\/\/rutaalsur.co\/Principal\/gestion\/#breadcrumb","itemListElement":[{"@type":"ListItem","position":1,"name":"Portada","item":"https:\/\/rutaalsur.co\/Principal\/"},{"@type":"ListItem","position":2,"name":"Gesti\u00f3n"}]},{"@type":"WebSite","@id":"https:\/\/rutaalsur.co\/Principal\/#website","url":"https:\/\/rutaalsur.co\/Principal\/","name":"Concesionaria Ruta al Sur","description":"Bienvenidos","publisher":{"@id":"https:\/\/rutaalsur.co\/Principal\/#organization"},"potentialAction":[{"@type":"SearchAction","target":{"@type":"EntryPoint","urlTemplate":"https:\/\/rutaalsur.co\/Principal\/?s={search_term_string}"},"query-input":"required name=search_term_string"}],"inLanguage":"es"},{"@type":"Organization","@id":"https:\/\/rutaalsur.co\/Principal\/#organization","name":"Ruta al Sur","url":"https:\/\/rutaalsur.co\/Principal\/","logo":{"@type":"ImageObject","inLanguage":"es","@id":"https:\/\/rutaalsur.co\/Principal\/#\/schema\/logo\/image\/","url":"https:\/\/rutaalsur.co\/Principal\/wp-content\/uploads\/2021\/09\/4.png","contentUrl":"https:\/\/rutaalsur.co\/Principal\/wp-content\/uploads\/2021\/09\/4.png","width":600,"height":400,"caption":"Ruta al Sur"},"image":{"@id":"https:\/\/rutaalsur.co\/Principal\/#\/schema\/logo\/image\/"},"sameAs":["https:\/\/www.facebook.com\/RutaalsurOfi"]}]}},"jetpack_sharing_enabled":true,"_links":{"self":[{"href":"https:\/\/rutaalsur.co\/Principal\/wp-json\/wp\/v2\/pages\/8122","targetHints":{"allow":["GET"]}}],"collection":[{"href":"https:\/\/rutaalsur.co\/Principal\/wp-json\/wp\/v2\/pages"}],"about":[{"href":"https:\/\/rutaalsur.co\/Principal\/wp-json\/wp\/v2\/types\/page"}],"author":[{"embeddable":true,"href":"https:\/\/rutaalsur.co\/Principal\/wp-json\/wp\/v2\/users\/2"}],"replies":[{"embeddable":true,"href":"https:\/\/rutaalsur.co\/Principal\/wp-json\/wp\/v2\/comments?post=8122"}],"version-history":[{"count":103,"href":"https:\/\/rutaalsur.co\/Principal\/wp-json\/wp\/v2\/pages\/8122\/revisions"}],"predecessor-version":[{"id":13373,"href":"https:\/\/rutaalsur.co\/Principal\/wp-json\/wp\/v2\/pages\/8122\/revisions\/13373"}],"wp:attachment":[{"href":"https:\/\/rutaalsur.co\/Principal\/wp-json\/wp\/v2\/media?parent=8122"}],"curies":[{"name":"wp","href":"https:\/\/api.w.org\/{rel}","templated":true}]}}