{"id":1116,"date":"2021-09-02T05:39:51","date_gmt":"2021-09-02T05:39:51","guid":{"rendered":"https:\/\/rutaalsur.co\/Principal\/?page_id=1116"},"modified":"2026-01-06T03:30:21","modified_gmt":"2026-01-06T03:30:21","slug":"el-proyecto","status":"publish","type":"page","link":"https:\/\/rutaalsur.co\/Principal\/el-proyecto\/","title":{"rendered":"El Proyecto"},"content":{"rendered":"\t\t<div data-elementor-type=\"wp-page\" data-elementor-id=\"1116\" class=\"elementor elementor-1116\" data-elementor-settings=\"[]\">\n\t\t\t\t\t\t\t<div class=\"elementor-section-wrap\">\n\t\t\t\t\t\t\t<section class=\"elementor-section elementor-top-section elementor-element elementor-element-c365383 elementor-section-stretched elementor-section-boxed elementor-section-height-default elementor-section-height-default\" data-id=\"c365383\" data-element_type=\"section\" data-settings=\"{&quot;stretch_section&quot;:&quot;section-stretched&quot;,&quot;background_background&quot;:&quot;classic&quot;}\">\n\t\t\t\t\t\t\t<div class=\"elementor-background-overlay\"><\/div>\n\t\t\t\t\t\t\t<div class=\"elementor-container elementor-column-gap-default\">\n\t\t\t\t\t<div class=\"elementor-column elementor-col-100 elementor-top-column elementor-element elementor-element-9370ace\" data-id=\"9370ace\" data-element_type=\"column\">\n\t\t\t<div class=\"elementor-widget-wrap elementor-element-populated\">\n\t\t\t\t\t\t\t\t<div class=\"elementor-element elementor-element-25c3045 elementor-widget elementor-widget-spacer\" data-id=\"25c3045\" data-element_type=\"widget\" data-widget_type=\"spacer.default\">\n\t\t\t\t<div class=\"elementor-widget-container\">\n\t\t\t\t\t<div class=\"elementor-spacer\">\n\t\t\t<div class=\"elementor-spacer-inner\"><\/div>\n\t\t<\/div>\n\t\t\t\t<\/div>\n\t\t\t\t<\/div>\n\t\t\t\t<div class=\"elementor-element elementor-element-64a26b4 elementor-widget elementor-widget-heading\" data-id=\"64a26b4\" data-element_type=\"widget\" data-widget_type=\"heading.default\">\n\t\t\t\t<div class=\"elementor-widget-container\">\n\t\t\t<h2 class=\"elementor-heading-title elementor-size-default\">El Proyecto vial<\/h2>\t\t<\/div>\n\t\t\t\t<\/div>\n\t\t\t\t<div class=\"elementor-element elementor-element-3b90f46 elementor-widget-divider--view-line elementor-widget elementor-widget-divider\" data-id=\"3b90f46\" data-element_type=\"widget\" data-widget_type=\"divider.default\">\n\t\t\t\t<div class=\"elementor-widget-container\">\n\t\t\t\t\t<div class=\"elementor-divider\">\n\t\t\t<span class=\"elementor-divider-separator\">\n\t\t\t\t\t\t<\/span>\n\t\t<\/div>\n\t\t\t\t<\/div>\n\t\t\t\t<\/div>\n\t\t\t\t<div class=\"elementor-element elementor-element-ec40ad5 elementor-widget elementor-widget-spacer\" data-id=\"ec40ad5\" data-element_type=\"widget\" data-widget_type=\"spacer.default\">\n\t\t\t\t<div class=\"elementor-widget-container\">\n\t\t\t\t\t<div class=\"elementor-spacer\">\n\t\t\t<div class=\"elementor-spacer-inner\"><\/div>\n\t\t<\/div>\n\t\t\t\t<\/div>\n\t\t\t\t<\/div>\n\t\t\t\t\t<\/div>\n\t\t<\/div>\n\t\t\t\t\t\t\t<\/div>\n\t\t<\/section>\n\t\t\t\t<section class=\"elementor-section elementor-top-section elementor-element elementor-element-36bfe1ea elementor-section-stretched elementor-section-boxed elementor-section-height-default elementor-section-height-default\" data-id=\"36bfe1ea\" data-element_type=\"section\" data-settings=\"{&quot;stretch_section&quot;:&quot;section-stretched&quot;}\">\n\t\t\t\t\t\t<div class=\"elementor-container elementor-column-gap-default\">\n\t\t\t\t\t<div class=\"elementor-column elementor-col-100 elementor-top-column elementor-element elementor-element-81ae9e9\" data-id=\"81ae9e9\" data-element_type=\"column\">\n\t\t\t<div class=\"elementor-widget-wrap elementor-element-populated\">\n\t\t\t\t\t\t\t\t<div class=\"elementor-element elementor-element-6994fe67 elementor-widget elementor-widget-spacer\" data-id=\"6994fe67\" data-element_type=\"widget\" id=\"avances\" data-widget_type=\"spacer.default\">\n\t\t\t\t<div class=\"elementor-widget-container\">\n\t\t\t\t\t<div class=\"elementor-spacer\">\n\t\t\t<div class=\"elementor-spacer-inner\"><\/div>\n\t\t<\/div>\n\t\t\t\t<\/div>\n\t\t\t\t<\/div>\n\t\t\t\t<div class=\"elementor-element elementor-element-f7e96a2 elementor--h-position-center elementor--v-position-middle elementor-arrows-position-inside elementor-pagination-position-inside elementor-widget elementor-widget-slides\" data-id=\"f7e96a2\" data-element_type=\"widget\" data-settings=\"{&quot;navigation&quot;:&quot;both&quot;,&quot;autoplay&quot;:&quot;yes&quot;,&quot;pause_on_hover&quot;:&quot;yes&quot;,&quot;pause_on_interaction&quot;:&quot;yes&quot;,&quot;autoplay_speed&quot;:5000,&quot;infinite&quot;:&quot;yes&quot;,&quot;transition&quot;:&quot;slide&quot;,&quot;transition_speed&quot;:500}\" data-widget_type=\"slides.default\">\n\t\t\t\t<div class=\"elementor-widget-container\">\n\t\t\t\t\t<div class=\"elementor-swiper\">\n\t\t\t<div class=\"elementor-slides-wrapper elementor-main-swiper swiper-container\" dir=\"ltr\" data-animation=\"fadeInUp\">\n\t\t\t\t<div class=\"swiper-wrapper elementor-slides\">\n\t\t\t\t\t<div class=\"elementor-repeater-item-09f72b2 swiper-slide\"><div class=\"swiper-slide-bg elementor-ken-burns elementor-ken-burns--in\"><\/div><div class=\"elementor-background-overlay\"><\/div><div class=\"swiper-slide-inner\" ><div class=\"swiper-slide-contents\"><div class=\"elementor-slide-heading\">Corredor Santana - Mocoa - Neiva<\/div><div class=\"elementor-slide-description\">El proyecto est\u00e1 configurado en siete tramos o siete Unidades Funcionales,<\/div><a href=\"https:\/\/rutaalsur.co\/Principal\/wp-content\/uploads\/2024\/04\/Mesa-de-trabajo-1-copia-80-scaled.jpg\" class=\"elementor-button elementor-slide-button elementor-size-sm\">Unidades Funcionales<\/a><\/div><\/div><\/div><div class=\"elementor-repeater-item-7f2075e swiper-slide\"><div class=\"swiper-slide-bg\"><\/div><div class=\"swiper-slide-inner\" ><div class=\"swiper-slide-contents\"><div class=\"elementor-slide-heading\">Avances <\/div><div class=\"elementor-slide-description\">La Concesionaria Ruta al Sur S.A.S., avanza satisfactoriamente con la ejecuci\u00f3n del nuevo plan de obras para el proyecto vial santana Mocoa Neiva. Los invitamos para que conozcan los grandes avances para la modernizaci\u00f3n de este importante corredor vial. <\/div><\/div><\/div><\/div><div class=\"elementor-repeater-item-e76a9ed swiper-slide\"><div class=\"swiper-slide-bg\"><\/div><div class=\"swiper-slide-inner\" ><div class=\"swiper-slide-contents\"><div class=\"elementor-slide-heading\">Se\u00f1or Conductor Recuerde...<\/div><div class=\"elementor-slide-description\">Para ejecutar estas actividades la Concesionaria realiza cierres temporales en diferentes sectores, disponiendo de se\u00f1alizaci\u00f3n y controladores de tr\u00e1fico en cada sector.<\/div><\/div><\/div><\/div>\t\t\t\t<\/div>\n\t\t\t\t\t\t\t\t\t\t\t\t\t\t\t<div class=\"swiper-pagination\"><\/div>\n\t\t\t\t\t\t\t\t\t\t\t\t\t\t\t\t<div class=\"elementor-swiper-button elementor-swiper-button-prev\">\n\t\t\t\t\t\t\t<i class=\"eicon-chevron-left\" aria-hidden=\"true\"><\/i>\n\t\t\t\t\t\t\t<span class=\"elementor-screen-only\">Previous<\/span>\n\t\t\t\t\t\t<\/div>\n\t\t\t\t\t\t<div class=\"elementor-swiper-button elementor-swiper-button-next\">\n\t\t\t\t\t\t\t<i class=\"eicon-chevron-right\" aria-hidden=\"true\"><\/i>\n\t\t\t\t\t\t\t<span class=\"elementor-screen-only\">Next<\/span>\n\t\t\t\t\t\t<\/div>\n\t\t\t\t\t\t\t\t\t\t\t\t<\/div>\n\t\t<\/div>\n\t\t\t\t<\/div>\n\t\t\t\t<\/div>\n\t\t\t\t<div class=\"elementor-element elementor-element-ad07fad elementor-cta--skin-classic elementor-animated-content elementor-bg-transform elementor-bg-transform-zoom-in elementor-widget elementor-widget-call-to-action\" data-id=\"ad07fad\" data-element_type=\"widget\" data-widget_type=\"call-to-action.default\">\n\t\t\t\t<div class=\"elementor-widget-container\">\n\t\t\t\t\t<div  class=\"elementor-cta\">\n\t\t\t\t\t\t\t<div class=\"elementor-cta__content\">\n\t\t\t\t\n\t\t\t\t\t\t\t\t\t<h2 class=\"elementor-cta__title elementor-cta__content-item elementor-content-item\">\n\t\t\t\t\t\tAvances de Obras\t\t\t\t\t<\/h2>\n\t\t\t\t\n\t\t\t\t\t\t\t\t\t<div class=\"elementor-cta__description elementor-cta__content-item elementor-content-item\">\n\t\t\t\t\t\tEl proyecto vial Santana-Mocoa-Neiva avanza y generando m\u00e1s de 4.200 empleos, mientras se trabaja en variantes en Campoalegre, Gigante y Timan\u00e1, as\u00ed como en la construcci\u00f3n de puentes y la ampliaci\u00f3n de peajes para mejorar la conectividad en la regi\u00f3n sur de Colombia.\t\t\t\t\t<\/div>\n\t\t\t\t\n\t\t\t\t\t\t\t\t\t<div class=\"elementor-cta__button-wrapper elementor-cta__content-item elementor-content-item \">\n\t\t\t\t\t<a class=\"elementor-cta__button elementor-button elementor-size-sm\" href=\"https:\/\/rutaalsur.co\/Principal\/avances\/\">\n\t\t\t\t\t\tVer Avances\t\t\t\t\t<\/a>\n\t\t\t\t\t<\/div>\n\t\t\t\t\t\t\t<\/div>\n\t\t\t\t\t\t<\/div>\n\t\t\t\t<\/div>\n\t\t\t\t<\/div>\n\t\t\t\t<div class=\"elementor-element elementor-element-11b3cce8 elementor-invisible elementor-widget elementor-widget-text-editor\" data-id=\"11b3cce8\" data-element_type=\"widget\" data-settings=\"{&quot;_animation&quot;:&quot;fadeIn&quot;}\" data-widget_type=\"text-editor.default\">\n\t\t\t\t<div class=\"elementor-widget-container\">\n\t\t\t\t\t\t\t<p>Avances<\/p>\t\t\t\t\t\t<\/div>\n\t\t\t\t<\/div>\n\t\t\t\t<section class=\"elementor-section elementor-inner-section elementor-element elementor-element-324d8aa elementor-section-boxed elementor-section-height-default elementor-section-height-default\" data-id=\"324d8aa\" data-element_type=\"section\">\n\t\t\t\t\t\t<div class=\"elementor-container elementor-column-gap-default\">\n\t\t\t\t\t<div class=\"elementor-column elementor-col-50 elementor-inner-column elementor-element elementor-element-5e58e21\" data-id=\"5e58e21\" data-element_type=\"column\">\n\t\t\t<div class=\"elementor-widget-wrap elementor-element-populated\">\n\t\t\t\t\t\t\t\t<div class=\"elementor-element elementor-element-d81b414 elementor-cta--skin-classic elementor-animated-content elementor-bg-transform elementor-bg-transform-zoom-in elementor-widget elementor-widget-call-to-action\" data-id=\"d81b414\" data-element_type=\"widget\" data-widget_type=\"call-to-action.default\">\n\t\t\t\t<div class=\"elementor-widget-container\">\n\t\t\t\t\t<a href=\"https:\/\/rutaalsur.co\/Principal\/estado-actual\/\" class=\"elementor-cta\">\n\t\t\t\t\t<div class=\"elementor-cta__bg-wrapper\">\n\t\t\t\t<div class=\"elementor-cta__bg elementor-bg\" style=\"background-image: url(https:\/\/rutaalsur.co\/Principal\/wp-content\/uploads\/2023\/12\/DSC00846-640x427.jpg);\"><\/div>\n\t\t\t\t<div class=\"elementor-cta__bg-overlay\"><\/div>\n\t\t\t<\/div>\n\t\t\t\t\t\t\t<div class=\"elementor-cta__content\">\n\t\t\t\t\n\t\t\t\t\t\t\t\t\t<h2 class=\"elementor-cta__title elementor-cta__content-item elementor-content-item\">\n\t\t\t\t\t\tEstado Actual\t\t\t\t\t<\/h2>\n\t\t\t\t\n\t\t\t\t\t\t\t\t\t<div class=\"elementor-cta__description elementor-cta__content-item elementor-content-item\">\n\t\t\t\t\t\tPara conocer el estado actual del corredor vial, le invitamos a consultar aqu\u00ed. En este enlace encontrar\u00e1 informaci\u00f3n actualizada sobre el tr\u00e1nsito, cierres viales, obras en curso y cualquier novedad relevante para su viaje. Mant\u00e9ngase informado para planificar su recorrido de manera segura y eficiente.\t\t\t\t\t<\/div>\n\t\t\t\t\n\t\t\t\t\t\t\t\t\t<div class=\"elementor-cta__button-wrapper elementor-cta__content-item elementor-content-item \">\n\t\t\t\t\t<span class=\"elementor-cta__button elementor-button elementor-size-sm\">\n\t\t\t\t\t\tVer Estado Aqu\u00ed\t\t\t\t\t<\/span>\n\t\t\t\t\t<\/div>\n\t\t\t\t\t\t\t<\/div>\n\t\t\t\t\t\t<\/a>\n\t\t\t\t<\/div>\n\t\t\t\t<\/div>\n\t\t\t\t\t<\/div>\n\t\t<\/div>\n\t\t\t\t<div class=\"elementor-column elementor-col-50 elementor-inner-column elementor-element elementor-element-6850c22\" data-id=\"6850c22\" data-element_type=\"column\">\n\t\t\t<div class=\"elementor-widget-wrap elementor-element-populated\">\n\t\t\t\t\t\t\t\t<div class=\"elementor-element elementor-element-3edba8c elementor-cta--skin-classic elementor-animated-content elementor-bg-transform elementor-bg-transform-zoom-in elementor-widget elementor-widget-call-to-action\" data-id=\"3edba8c\" data-element_type=\"widget\" data-widget_type=\"call-to-action.default\">\n\t\t\t\t<div class=\"elementor-widget-container\">\n\t\t\t\t\t<div  class=\"elementor-cta\">\n\t\t\t\t\t<div class=\"elementor-cta__bg-wrapper\">\n\t\t\t\t<div class=\"elementor-cta__bg elementor-bg\" style=\"background-image: url(https:\/\/rutaalsur.co\/Principal\/wp-content\/uploads\/2024\/05\/227544899_233321201976518_2358989811681497531_n.jpg);\"><\/div>\n\t\t\t\t<div class=\"elementor-cta__bg-overlay\"><\/div>\n\t\t\t<\/div>\n\t\t\t\t\t\t\t<div class=\"elementor-cta__content\">\n\t\t\t\t\n\t\t\t\t\t\t\t\t\t<h2 class=\"elementor-cta__title elementor-cta__content-item elementor-content-item\">\n\t\t\t\t\t\tEstado del Clima\t\t\t\t\t<\/h2>\n\t\t\t\t\n\t\t\t\t\t\t\t\t\t<div class=\"elementor-cta__description elementor-cta__content-item elementor-content-item\">\n\t\t\t\t\t\tMant\u00e9ngase informado al instante sobre las condiciones clim\u00e1ticas a lo largo del corredor vial. Consulte aqu\u00ed para acceder a informaci\u00f3n del tiempo real espec\u00edfica para cada sector y planifique sus desplazamientos con seguridad.\t\t\t\t\t<\/div>\n\t\t\t\t\n\t\t\t\t\t\t\t\t\t<div class=\"elementor-cta__button-wrapper elementor-cta__content-item elementor-content-item \">\n\t\t\t\t\t<a class=\"elementor-cta__button elementor-button elementor-size-sm\" href=\"https:\/\/rutaalsur.co\/Principal\/estado-del-clima\/\">\n\t\t\t\t\t\tVer Clima Aqu\u00ed\t\t\t\t\t<\/a>\n\t\t\t\t\t<\/div>\n\t\t\t\t\t\t\t<\/div>\n\t\t\t\t\t\t<\/div>\n\t\t\t\t<\/div>\n\t\t\t\t<\/div>\n\t\t\t\t\t<\/div>\n\t\t<\/div>\n\t\t\t\t\t\t\t<\/div>\n\t\t<\/section>\n\t\t\t\t\t<\/div>\n\t\t<\/div>\n\t\t\t\t\t\t\t<\/div>\n\t\t<\/section>\n\t\t\t\t\t\t<\/div>\n\t\t\t\t\t<\/div>\n\t\t","protected":false},"excerpt":{"rendered":"<p>El Proyecto vial Corredor Santana &#8211; Mocoa &#8211; NeivaEl proyecto est\u00e1 configurado en siete tramos o siete Unidades Funcionales,Unidades FuncionalesAvances La Concesionaria Ruta al Sur S.A.S., avanza satisfactoriamente con la ejecuci\u00f3n del nuevo plan de obras para el proyecto vial santana Mocoa Neiva. Los invitamos para que conozcan los grandes avances para la modernizaci\u00f3n de [&hellip;]<\/p>\n","protected":false},"author":1,"featured_media":0,"parent":0,"menu_order":0,"comment_status":"closed","ping_status":"open","template":"","meta":{"_joinchat":[],"footnotes":""},"class_list":["post-1116","page","type-page","status-publish","hentry"],"yoast_head":"<!-- This site is optimized with the Yoast SEO plugin v23.0 - https:\/\/yoast.com\/wordpress\/plugins\/seo\/ -->\n<title>El Proyecto - Concesionaria Ruta al Sur<\/title>\n<meta name=\"robots\" content=\"index, follow, max-snippet:-1, max-image-preview:large, max-video-preview:-1\" \/>\n<link rel=\"canonical\" href=\"https:\/\/rutaalsur.co\/Principal\/el-proyecto\/\" \/>\n<meta property=\"og:locale\" content=\"es_ES\" \/>\n<meta property=\"og:type\" content=\"article\" \/>\n<meta property=\"og:title\" content=\"El Proyecto - Concesionaria Ruta al Sur\" \/>\n<meta property=\"og:description\" content=\"El Proyecto vial Corredor Santana &#8211; Mocoa &#8211; NeivaEl proyecto est\u00e1 configurado en siete tramos o siete Unidades Funcionales,Unidades FuncionalesAvances La Concesionaria Ruta al Sur S.A.S., avanza satisfactoriamente con la ejecuci\u00f3n del nuevo plan de obras para el proyecto vial santana Mocoa Neiva. Los invitamos para que conozcan los grandes avances para la modernizaci\u00f3n de [&hellip;]\" \/>\n<meta property=\"og:url\" content=\"https:\/\/rutaalsur.co\/Principal\/el-proyecto\/\" \/>\n<meta property=\"og:site_name\" content=\"Concesionaria Ruta al Sur\" \/>\n<meta property=\"article:publisher\" content=\"https:\/\/www.facebook.com\/RutaalsurOfi\" \/>\n<meta property=\"article:modified_time\" content=\"2026-01-06T03:30:21+00:00\" \/>\n<meta name=\"twitter:card\" content=\"summary_large_image\" \/>\n<meta name=\"twitter:label1\" content=\"Tiempo de lectura\" \/>\n\t<meta name=\"twitter:data1\" content=\"2 minutos\" \/>\n<script type=\"application\/ld+json\" class=\"yoast-schema-graph\">{\"@context\":\"https:\/\/schema.org\",\"@graph\":[{\"@type\":\"WebPage\",\"@id\":\"https:\/\/rutaalsur.co\/Principal\/el-proyecto\/\",\"url\":\"https:\/\/rutaalsur.co\/Principal\/el-proyecto\/\",\"name\":\"El Proyecto - Concesionaria Ruta al Sur\",\"isPartOf\":{\"@id\":\"https:\/\/rutaalsur.co\/Principal\/#website\"},\"datePublished\":\"2021-09-02T05:39:51+00:00\",\"dateModified\":\"2026-01-06T03:30:21+00:00\",\"breadcrumb\":{\"@id\":\"https:\/\/rutaalsur.co\/Principal\/el-proyecto\/#breadcrumb\"},\"inLanguage\":\"es\",\"potentialAction\":[{\"@type\":\"ReadAction\",\"target\":[\"https:\/\/rutaalsur.co\/Principal\/el-proyecto\/\"]}]},{\"@type\":\"BreadcrumbList\",\"@id\":\"https:\/\/rutaalsur.co\/Principal\/el-proyecto\/#breadcrumb\",\"itemListElement\":[{\"@type\":\"ListItem\",\"position\":1,\"name\":\"Portada\",\"item\":\"https:\/\/rutaalsur.co\/Principal\/\"},{\"@type\":\"ListItem\",\"position\":2,\"name\":\"El Proyecto\"}]},{\"@type\":\"WebSite\",\"@id\":\"https:\/\/rutaalsur.co\/Principal\/#website\",\"url\":\"https:\/\/rutaalsur.co\/Principal\/\",\"name\":\"Concesionaria Ruta al Sur\",\"description\":\"Bienvenidos\",\"publisher\":{\"@id\":\"https:\/\/rutaalsur.co\/Principal\/#organization\"},\"potentialAction\":[{\"@type\":\"SearchAction\",\"target\":{\"@type\":\"EntryPoint\",\"urlTemplate\":\"https:\/\/rutaalsur.co\/Principal\/?s={search_term_string}\"},\"query-input\":\"required name=search_term_string\"}],\"inLanguage\":\"es\"},{\"@type\":\"Organization\",\"@id\":\"https:\/\/rutaalsur.co\/Principal\/#organization\",\"name\":\"Ruta al Sur\",\"url\":\"https:\/\/rutaalsur.co\/Principal\/\",\"logo\":{\"@type\":\"ImageObject\",\"inLanguage\":\"es\",\"@id\":\"https:\/\/rutaalsur.co\/Principal\/#\/schema\/logo\/image\/\",\"url\":\"https:\/\/rutaalsur.co\/Principal\/wp-content\/uploads\/2021\/09\/4.png\",\"contentUrl\":\"https:\/\/rutaalsur.co\/Principal\/wp-content\/uploads\/2021\/09\/4.png\",\"width\":600,\"height\":400,\"caption\":\"Ruta al Sur\"},\"image\":{\"@id\":\"https:\/\/rutaalsur.co\/Principal\/#\/schema\/logo\/image\/\"},\"sameAs\":[\"https:\/\/www.facebook.com\/RutaalsurOfi\"]}]}<\/script>\n<!-- \/ Yoast SEO plugin. -->","yoast_head_json":{"title":"El Proyecto - Concesionaria Ruta al Sur","robots":{"index":"index","follow":"follow","max-snippet":"max-snippet:-1","max-image-preview":"max-image-preview:large","max-video-preview":"max-video-preview:-1"},"canonical":"https:\/\/rutaalsur.co\/Principal\/el-proyecto\/","og_locale":"es_ES","og_type":"article","og_title":"El Proyecto - Concesionaria Ruta al Sur","og_description":"El Proyecto vial Corredor Santana &#8211; Mocoa &#8211; NeivaEl proyecto est\u00e1 configurado en siete tramos o siete Unidades Funcionales,Unidades FuncionalesAvances La Concesionaria Ruta al Sur S.A.S., avanza satisfactoriamente con la ejecuci\u00f3n del nuevo plan de obras para el proyecto vial santana Mocoa Neiva. Los invitamos para que conozcan los grandes avances para la modernizaci\u00f3n de [&hellip;]","og_url":"https:\/\/rutaalsur.co\/Principal\/el-proyecto\/","og_site_name":"Concesionaria Ruta al Sur","article_publisher":"https:\/\/www.facebook.com\/RutaalsurOfi","article_modified_time":"2026-01-06T03:30:21+00:00","twitter_card":"summary_large_image","twitter_misc":{"Tiempo de lectura":"2 minutos"},"schema":{"@context":"https:\/\/schema.org","@graph":[{"@type":"WebPage","@id":"https:\/\/rutaalsur.co\/Principal\/el-proyecto\/","url":"https:\/\/rutaalsur.co\/Principal\/el-proyecto\/","name":"El Proyecto - Concesionaria Ruta al Sur","isPartOf":{"@id":"https:\/\/rutaalsur.co\/Principal\/#website"},"datePublished":"2021-09-02T05:39:51+00:00","dateModified":"2026-01-06T03:30:21+00:00","breadcrumb":{"@id":"https:\/\/rutaalsur.co\/Principal\/el-proyecto\/#breadcrumb"},"inLanguage":"es","potentialAction":[{"@type":"ReadAction","target":["https:\/\/rutaalsur.co\/Principal\/el-proyecto\/"]}]},{"@type":"BreadcrumbList","@id":"https:\/\/rutaalsur.co\/Principal\/el-proyecto\/#breadcrumb","itemListElement":[{"@type":"ListItem","position":1,"name":"Portada","item":"https:\/\/rutaalsur.co\/Principal\/"},{"@type":"ListItem","position":2,"name":"El Proyecto"}]},{"@type":"WebSite","@id":"https:\/\/rutaalsur.co\/Principal\/#website","url":"https:\/\/rutaalsur.co\/Principal\/","name":"Concesionaria Ruta al Sur","description":"Bienvenidos","publisher":{"@id":"https:\/\/rutaalsur.co\/Principal\/#organization"},"potentialAction":[{"@type":"SearchAction","target":{"@type":"EntryPoint","urlTemplate":"https:\/\/rutaalsur.co\/Principal\/?s={search_term_string}"},"query-input":"required name=search_term_string"}],"inLanguage":"es"},{"@type":"Organization","@id":"https:\/\/rutaalsur.co\/Principal\/#organization","name":"Ruta al Sur","url":"https:\/\/rutaalsur.co\/Principal\/","logo":{"@type":"ImageObject","inLanguage":"es","@id":"https:\/\/rutaalsur.co\/Principal\/#\/schema\/logo\/image\/","url":"https:\/\/rutaalsur.co\/Principal\/wp-content\/uploads\/2021\/09\/4.png","contentUrl":"https:\/\/rutaalsur.co\/Principal\/wp-content\/uploads\/2021\/09\/4.png","width":600,"height":400,"caption":"Ruta al Sur"},"image":{"@id":"https:\/\/rutaalsur.co\/Principal\/#\/schema\/logo\/image\/"},"sameAs":["https:\/\/www.facebook.com\/RutaalsurOfi"]}]}},"jetpack_sharing_enabled":true,"_links":{"self":[{"href":"https:\/\/rutaalsur.co\/Principal\/wp-json\/wp\/v2\/pages\/1116","targetHints":{"allow":["GET"]}}],"collection":[{"href":"https:\/\/rutaalsur.co\/Principal\/wp-json\/wp\/v2\/pages"}],"about":[{"href":"https:\/\/rutaalsur.co\/Principal\/wp-json\/wp\/v2\/types\/page"}],"author":[{"embeddable":true,"href":"https:\/\/rutaalsur.co\/Principal\/wp-json\/wp\/v2\/users\/1"}],"replies":[{"embeddable":true,"href":"https:\/\/rutaalsur.co\/Principal\/wp-json\/wp\/v2\/comments?post=1116"}],"version-history":[{"count":238,"href":"https:\/\/rutaalsur.co\/Principal\/wp-json\/wp\/v2\/pages\/1116\/revisions"}],"predecessor-version":[{"id":13358,"href":"https:\/\/rutaalsur.co\/Principal\/wp-json\/wp\/v2\/pages\/1116\/revisions\/13358"}],"wp:attachment":[{"href":"https:\/\/rutaalsur.co\/Principal\/wp-json\/wp\/v2\/media?parent=1116"}],"curies":[{"name":"wp","href":"https:\/\/api.w.org\/{rel}","templated":true}]}}