{"id":11129,"date":"2025-03-05T17:17:31","date_gmt":"2025-03-05T17:17:31","guid":{"rendered":"https:\/\/rutaalsur.co\/Principal\/?page_id=11129"},"modified":"2026-01-05T18:14:03","modified_gmt":"2026-01-05T18:14:03","slug":"historico-notificaciones","status":"publish","type":"page","link":"https:\/\/rutaalsur.co\/Principal\/historico-notificaciones\/","title":{"rendered":"Historico de Notificaciones"},"content":{"rendered":"\t\t<div data-elementor-type=\"wp-page\" data-elementor-id=\"11129\" class=\"elementor elementor-11129\" data-elementor-settings=\"[]\">\n\t\t\t\t\t\t\t<div class=\"elementor-section-wrap\">\n\t\t\t\t\t\t\t<section class=\"elementor-section elementor-top-section elementor-element elementor-element-c365383 elementor-section-stretched elementor-section-boxed elementor-section-height-default elementor-section-height-default\" data-id=\"c365383\" data-element_type=\"section\" data-settings=\"{&quot;stretch_section&quot;:&quot;section-stretched&quot;,&quot;background_background&quot;:&quot;classic&quot;}\">\n\t\t\t\t\t\t\t<div class=\"elementor-background-overlay\"><\/div>\n\t\t\t\t\t\t\t<div class=\"elementor-container elementor-column-gap-default\">\n\t\t\t\t\t<div class=\"elementor-column elementor-col-100 elementor-top-column elementor-element elementor-element-9370ace\" data-id=\"9370ace\" data-element_type=\"column\">\n\t\t\t<div class=\"elementor-widget-wrap elementor-element-populated\">\n\t\t\t\t\t\t\t\t<div class=\"elementor-element elementor-element-ec40ad5 elementor-widget elementor-widget-spacer\" data-id=\"ec40ad5\" data-element_type=\"widget\" data-widget_type=\"spacer.default\">\n\t\t\t\t<div class=\"elementor-widget-container\">\n\t\t\t\t\t<div class=\"elementor-spacer\">\n\t\t\t<div class=\"elementor-spacer-inner\"><\/div>\n\t\t<\/div>\n\t\t\t\t<\/div>\n\t\t\t\t<\/div>\n\t\t\t\t<div class=\"elementor-element elementor-element-57dc5d1 elementor-widget elementor-widget-heading\" data-id=\"57dc5d1\" data-element_type=\"widget\" data-widget_type=\"heading.default\">\n\t\t\t\t<div class=\"elementor-widget-container\">\n\t\t\t<h2 class=\"elementor-heading-title elementor-size-default\">Historial Notificaciones<\/h2>\t\t<\/div>\n\t\t\t\t<\/div>\n\t\t\t\t<div class=\"elementor-element elementor-element-87dc3bd elementor-widget-divider--view-line elementor-widget elementor-widget-divider\" data-id=\"87dc3bd\" data-element_type=\"widget\" data-widget_type=\"divider.default\">\n\t\t\t\t<div class=\"elementor-widget-container\">\n\t\t\t\t\t<div class=\"elementor-divider\">\n\t\t\t<span class=\"elementor-divider-separator\">\n\t\t\t\t\t\t<\/span>\n\t\t<\/div>\n\t\t\t\t<\/div>\n\t\t\t\t<\/div>\n\t\t\t\t<div class=\"elementor-element elementor-element-208d95f elementor-widget elementor-widget-spacer\" data-id=\"208d95f\" data-element_type=\"widget\" data-widget_type=\"spacer.default\">\n\t\t\t\t<div class=\"elementor-widget-container\">\n\t\t\t\t\t<div class=\"elementor-spacer\">\n\t\t\t<div class=\"elementor-spacer-inner\"><\/div>\n\t\t<\/div>\n\t\t\t\t<\/div>\n\t\t\t\t<\/div>\n\t\t\t\t\t<\/div>\n\t\t<\/div>\n\t\t\t\t\t\t\t<\/div>\n\t\t<\/section>\n\t\t\t\t<section class=\"elementor-section elementor-top-section elementor-element elementor-element-36bfe1ea elementor-section-stretched elementor-section-boxed elementor-section-height-default elementor-section-height-default\" data-id=\"36bfe1ea\" data-element_type=\"section\" data-settings=\"{&quot;stretch_section&quot;:&quot;section-stretched&quot;}\">\n\t\t\t\t\t\t<div class=\"elementor-container elementor-column-gap-default\">\n\t\t\t\t\t<div class=\"elementor-column elementor-col-100 elementor-top-column elementor-element elementor-element-81ae9e9\" data-id=\"81ae9e9\" data-element_type=\"column\">\n\t\t\t<div class=\"elementor-widget-wrap elementor-element-populated\">\n\t\t\t\t\t\t\t\t<div class=\"elementor-element elementor-element-6994fe67 elementor-widget elementor-widget-spacer\" data-id=\"6994fe67\" data-element_type=\"widget\" id=\"avances\" data-widget_type=\"spacer.default\">\n\t\t\t\t<div class=\"elementor-widget-container\">\n\t\t\t\t\t<div class=\"elementor-spacer\">\n\t\t\t<div class=\"elementor-spacer-inner\"><\/div>\n\t\t<\/div>\n\t\t\t\t<\/div>\n\t\t\t\t<\/div>\n\t\t\t\t<div class=\"elementor-element elementor-element-7173cdaa elementor-widget elementor-widget-button\" data-id=\"7173cdaa\" data-element_type=\"widget\" data-widget_type=\"button.default\">\n\t\t\t\t<div class=\"elementor-widget-container\">\n\t\t\t\t\t<div class=\"elementor-button-wrapper\">\n\t\t\t<a class=\"elementor-button elementor-size-sm\" role=\"button\">\n\t\t\t\t\t\t<span class=\"elementor-button-content-wrapper\">\n\t\t\t\t\t\t<span class=\"elementor-button-text\">.<\/span>\n\t\t<\/span>\n\t\t\t\t\t<\/a>\n\t\t<\/div>\n\t\t\t\t<\/div>\n\t\t\t\t<\/div>\n\t\t\t\t<section class=\"elementor-section elementor-inner-section elementor-element elementor-element-bf6f4a5 elementor-section-boxed elementor-section-height-default elementor-section-height-default\" data-id=\"bf6f4a5\" data-element_type=\"section\">\n\t\t\t\t\t\t<div class=\"elementor-container elementor-column-gap-default\">\n\t\t\t\t\t<div class=\"elementor-column elementor-col-50 elementor-inner-column elementor-element elementor-element-6f2faec\" data-id=\"6f2faec\" data-element_type=\"column\">\n\t\t\t<div class=\"elementor-widget-wrap elementor-element-populated\">\n\t\t\t\t\t\t\t\t<div class=\"elementor-element elementor-element-24dddfd elementor-cta--skin-cover elementor-animated-content elementor-bg-transform elementor-bg-transform-zoom-in elementor-widget elementor-widget-call-to-action\" data-id=\"24dddfd\" data-element_type=\"widget\" data-widget_type=\"call-to-action.default\">\n\t\t\t\t<div class=\"elementor-widget-container\">\n\t\t\t\t\t<div  class=\"elementor-cta\">\n\t\t\t\t\t<div class=\"elementor-cta__bg-wrapper\">\n\t\t\t\t<div class=\"elementor-cta__bg elementor-bg\" style=\"background-image: url(https:\/\/rutaalsur.co\/Principal\/wp-content\/uploads\/2025\/03\/depositphotos_533170436-stock-photo-concept-new-year-2022-silhouette.webp);\"><\/div>\n\t\t\t\t<div class=\"elementor-cta__bg-overlay\"><\/div>\n\t\t\t<\/div>\n\t\t\t\t\t\t\t<div class=\"elementor-cta__content\">\n\t\t\t\t\n\t\t\t\t\t\t\t\t\t<h1 class=\"elementor-cta__title elementor-cta__content-item elementor-content-item elementor-animated-item--grow\">\n\t\t\t\t\t\t2022\t\t\t\t\t<\/h1>\n\t\t\t\t\n\t\t\t\t\n\t\t\t\t\t\t\t\t\t<div class=\"elementor-cta__button-wrapper elementor-cta__content-item elementor-content-item elementor-animated-item--grow\">\n\t\t\t\t\t<a class=\"elementor-cta__button elementor-button elementor-size-md\" href=\"https:\/\/rutaalsur.co\/Principal\/historial-notificaciones-2022\/\">\n\t\t\t\t\t\tVER AQU\u00cd\t\t\t\t\t<\/a>\n\t\t\t\t\t<\/div>\n\t\t\t\t\t\t\t<\/div>\n\t\t\t\t\t\t<\/div>\n\t\t\t\t<\/div>\n\t\t\t\t<\/div>\n\t\t\t\t\t<\/div>\n\t\t<\/div>\n\t\t\t\t<div class=\"elementor-column elementor-col-50 elementor-inner-column elementor-element elementor-element-862465a\" data-id=\"862465a\" data-element_type=\"column\">\n\t\t\t<div class=\"elementor-widget-wrap elementor-element-populated\">\n\t\t\t\t\t\t\t\t<div class=\"elementor-element elementor-element-e722b9a elementor-cta--skin-cover elementor-animated-content elementor-bg-transform elementor-bg-transform-zoom-in elementor-widget elementor-widget-call-to-action\" data-id=\"e722b9a\" data-element_type=\"widget\" data-widget_type=\"call-to-action.default\">\n\t\t\t\t<div class=\"elementor-widget-container\">\n\t\t\t\t\t<div  class=\"elementor-cta\">\n\t\t\t\t\t<div class=\"elementor-cta__bg-wrapper\">\n\t\t\t\t<div class=\"elementor-cta__bg elementor-bg\" style=\"background-image: url(https:\/\/rutaalsur.co\/Principal\/wp-content\/uploads\/2025\/03\/istockphoto-1405730723-612x612-1.jpg);\"><\/div>\n\t\t\t\t<div class=\"elementor-cta__bg-overlay\"><\/div>\n\t\t\t<\/div>\n\t\t\t\t\t\t\t<div class=\"elementor-cta__content\">\n\t\t\t\t\n\t\t\t\t\t\t\t\t\t<h1 class=\"elementor-cta__title elementor-cta__content-item elementor-content-item elementor-animated-item--grow\">\n\t\t\t\t\t\t2023\t\t\t\t\t<\/h1>\n\t\t\t\t\n\t\t\t\t\n\t\t\t\t\t\t\t\t\t<div class=\"elementor-cta__button-wrapper elementor-cta__content-item elementor-content-item elementor-animated-item--grow\">\n\t\t\t\t\t<a class=\"elementor-cta__button elementor-button elementor-size-md\" href=\"https:\/\/rutaalsur.co\/Principal\/historial-notificaciones-2023\/\">\n\t\t\t\t\t\tVER AQU\u00cd\t\t\t\t\t<\/a>\n\t\t\t\t\t<\/div>\n\t\t\t\t\t\t\t<\/div>\n\t\t\t\t\t\t<\/div>\n\t\t\t\t<\/div>\n\t\t\t\t<\/div>\n\t\t\t\t\t<\/div>\n\t\t<\/div>\n\t\t\t\t\t\t\t<\/div>\n\t\t<\/section>\n\t\t\t\t<div class=\"elementor-element elementor-element-178dc61 elementor-widget elementor-widget-spacer\" data-id=\"178dc61\" data-element_type=\"widget\" data-widget_type=\"spacer.default\">\n\t\t\t\t<div class=\"elementor-widget-container\">\n\t\t\t\t\t<div class=\"elementor-spacer\">\n\t\t\t<div class=\"elementor-spacer-inner\"><\/div>\n\t\t<\/div>\n\t\t\t\t<\/div>\n\t\t\t\t<\/div>\n\t\t\t\t<section class=\"elementor-section elementor-inner-section elementor-element elementor-element-d5d473b elementor-section-boxed elementor-section-height-default elementor-section-height-default\" data-id=\"d5d473b\" data-element_type=\"section\">\n\t\t\t\t\t\t<div class=\"elementor-container elementor-column-gap-default\">\n\t\t\t\t\t<div class=\"elementor-column elementor-col-50 elementor-inner-column elementor-element elementor-element-3d9401a\" data-id=\"3d9401a\" data-element_type=\"column\">\n\t\t\t<div class=\"elementor-widget-wrap elementor-element-populated\">\n\t\t\t\t\t\t\t\t<div class=\"elementor-element elementor-element-c54c1c6 elementor-cta--skin-cover elementor-animated-content elementor-bg-transform elementor-bg-transform-zoom-in elementor-widget elementor-widget-call-to-action\" data-id=\"c54c1c6\" data-element_type=\"widget\" data-widget_type=\"call-to-action.default\">\n\t\t\t\t<div class=\"elementor-widget-container\">\n\t\t\t\t\t<div  class=\"elementor-cta\">\n\t\t\t\t\t<div class=\"elementor-cta__bg-wrapper\">\n\t\t\t\t<div class=\"elementor-cta__bg elementor-bg\" style=\"background-image: url(https:\/\/rutaalsur.co\/Principal\/wp-content\/uploads\/2025\/03\/istockphoto-1497915536-612x612-1.jpg);\"><\/div>\n\t\t\t\t<div class=\"elementor-cta__bg-overlay\"><\/div>\n\t\t\t<\/div>\n\t\t\t\t\t\t\t<div class=\"elementor-cta__content\">\n\t\t\t\t\n\t\t\t\t\t\t\t\t\t<h1 class=\"elementor-cta__title elementor-cta__content-item elementor-content-item elementor-animated-item--grow\">\n\t\t\t\t\t\t2024\t\t\t\t\t<\/h1>\n\t\t\t\t\n\t\t\t\t\n\t\t\t\t\t\t\t\t\t<div class=\"elementor-cta__button-wrapper elementor-cta__content-item elementor-content-item elementor-animated-item--grow\">\n\t\t\t\t\t<a class=\"elementor-cta__button elementor-button elementor-size-md\" href=\"https:\/\/rutaalsur.co\/Principal\/historial-notificaciones-2024\/\">\n\t\t\t\t\t\tVER AQU\u00cd\t\t\t\t\t<\/a>\n\t\t\t\t\t<\/div>\n\t\t\t\t\t\t\t<\/div>\n\t\t\t\t\t\t<\/div>\n\t\t\t\t<\/div>\n\t\t\t\t<\/div>\n\t\t\t\t\t<\/div>\n\t\t<\/div>\n\t\t\t\t<div class=\"elementor-column elementor-col-50 elementor-inner-column elementor-element elementor-element-dd072e6\" data-id=\"dd072e6\" data-element_type=\"column\">\n\t\t\t<div class=\"elementor-widget-wrap elementor-element-populated\">\n\t\t\t\t\t\t\t\t<div class=\"elementor-element elementor-element-73834ff elementor-cta--skin-cover elementor-animated-content elementor-bg-transform elementor-bg-transform-zoom-in elementor-widget elementor-widget-call-to-action\" data-id=\"73834ff\" data-element_type=\"widget\" data-widget_type=\"call-to-action.default\">\n\t\t\t\t<div class=\"elementor-widget-container\">\n\t\t\t\t\t<div  class=\"elementor-cta\">\n\t\t\t\t\t<div class=\"elementor-cta__bg-wrapper\">\n\t\t\t\t<div class=\"elementor-cta__bg elementor-bg\" style=\"background-image: url(https:\/\/rutaalsur.co\/Principal\/wp-content\/uploads\/2026\/01\/images.jpg);\"><\/div>\n\t\t\t\t<div class=\"elementor-cta__bg-overlay\"><\/div>\n\t\t\t<\/div>\n\t\t\t\t\t\t\t<div class=\"elementor-cta__content\">\n\t\t\t\t\n\t\t\t\t\t\t\t\t\t<h1 class=\"elementor-cta__title elementor-cta__content-item elementor-content-item elementor-animated-item--grow\">\n\t\t\t\t\t\t2025\t\t\t\t\t<\/h1>\n\t\t\t\t\n\t\t\t\t\n\t\t\t\t\t\t\t\t\t<div class=\"elementor-cta__button-wrapper elementor-cta__content-item elementor-content-item elementor-animated-item--grow\">\n\t\t\t\t\t<a class=\"elementor-cta__button elementor-button elementor-size-md\" href=\"https:\/\/rutaalsur.co\/Principal\/historial-notificaciones-2025\/\">\n\t\t\t\t\t\tVER AQU\u00cd\t\t\t\t\t<\/a>\n\t\t\t\t\t<\/div>\n\t\t\t\t\t\t\t<\/div>\n\t\t\t\t\t\t<\/div>\n\t\t\t\t<\/div>\n\t\t\t\t<\/div>\n\t\t\t\t\t<\/div>\n\t\t<\/div>\n\t\t\t\t\t\t\t<\/div>\n\t\t<\/section>\n\t\t\t\t\t<\/div>\n\t\t<\/div>\n\t\t\t\t\t\t\t<\/div>\n\t\t<\/section>\n\t\t\t\t<section class=\"elementor-section elementor-top-section elementor-element elementor-element-1d59e558 elementor-section-stretched elementor-section-boxed elementor-section-height-default elementor-section-height-default\" data-id=\"1d59e558\" data-element_type=\"section\" data-settings=\"{&quot;stretch_section&quot;:&quot;section-stretched&quot;,&quot;background_background&quot;:&quot;classic&quot;}\">\n\t\t\t\t\t\t\t<div class=\"elementor-background-overlay\"><\/div>\n\t\t\t\t\t\t\t<div class=\"elementor-container elementor-column-gap-default\">\n\t\t\t\t\t<div class=\"elementor-column elementor-col-50 elementor-top-column elementor-element elementor-element-46b211bd\" data-id=\"46b211bd\" data-element_type=\"column\">\n\t\t\t<div class=\"elementor-widget-wrap elementor-element-populated\">\n\t\t\t\t\t\t\t\t<div class=\"elementor-element elementor-element-1881aba6 elementor-invisible elementor-widget elementor-widget-image\" data-id=\"1881aba6\" data-element_type=\"widget\" data-settings=\"{&quot;_animation&quot;:&quot;fadeInUp&quot;}\" data-widget_type=\"image.default\">\n\t\t\t\t<div class=\"elementor-widget-container\">\n\t\t\t\t\t\t\t\t\t\t\t\t\t\t\t<img loading=\"lazy\" decoding=\"async\" width=\"1170\" height=\"658\" src=\"https:\/\/rutaalsur.co\/Principal\/wp-content\/uploads\/2021\/09\/Atencio\u0301n-a-clientes-Dish-5-1280x720.jpeg\" class=\"attachment-large size-large\" alt=\"\" \/>\t\t\t\t\t\t\t\t\t\t\t\t\t\t\t<\/div>\n\t\t\t\t<\/div>\n\t\t\t\t\t<\/div>\n\t\t<\/div>\n\t\t\t\t<div class=\"elementor-column elementor-col-50 elementor-top-column elementor-element elementor-element-583e69fb\" data-id=\"583e69fb\" data-element_type=\"column\">\n\t\t\t<div class=\"elementor-widget-wrap elementor-element-populated\">\n\t\t\t\t\t\t\t\t<div class=\"elementor-element elementor-element-7d7c3bd2 elementor-widget elementor-widget-spacer\" data-id=\"7d7c3bd2\" data-element_type=\"widget\" data-widget_type=\"spacer.default\">\n\t\t\t\t<div class=\"elementor-widget-container\">\n\t\t\t\t\t<div class=\"elementor-spacer\">\n\t\t\t<div class=\"elementor-spacer-inner\"><\/div>\n\t\t<\/div>\n\t\t\t\t<\/div>\n\t\t\t\t<\/div>\n\t\t\t\t<div class=\"elementor-element elementor-element-5274c8a6 elementor-invisible elementor-widget elementor-widget-text-editor\" data-id=\"5274c8a6\" data-element_type=\"widget\" data-settings=\"{&quot;_animation&quot;:&quot;fadeIn&quot;}\" data-widget_type=\"text-editor.default\">\n\t\t\t\t<div class=\"elementor-widget-container\">\n\t\t\t\t\t\t\t<p>Cont\u00e1ctanos<\/p>\t\t\t\t\t\t<\/div>\n\t\t\t\t<\/div>\n\t\t\t\t<div class=\"elementor-element elementor-element-7b7ebdf1 elementor-invisible elementor-widget elementor-widget-text-editor\" data-id=\"7b7ebdf1\" data-element_type=\"widget\" data-settings=\"{&quot;_animation&quot;:&quot;fadeIn&quot;}\" data-widget_type=\"text-editor.default\">\n\t\t\t\t<div class=\"elementor-widget-container\">\n\t\t\t\t\t\t\t<p>Tienes alguna duda <span style=\"color: #fcdd18;\">o inquietud<\/span>?<\/p>\t\t\t\t\t\t<\/div>\n\t\t\t\t<\/div>\n\t\t\t\t<div class=\"elementor-element elementor-element-3fe38351 elementor-widget-divider--view-line elementor-widget elementor-widget-divider\" data-id=\"3fe38351\" data-element_type=\"widget\" data-widget_type=\"divider.default\">\n\t\t\t\t<div class=\"elementor-widget-container\">\n\t\t\t\t\t<div class=\"elementor-divider\">\n\t\t\t<span class=\"elementor-divider-separator\">\n\t\t\t\t\t\t<\/span>\n\t\t<\/div>\n\t\t\t\t<\/div>\n\t\t\t\t<\/div>\n\t\t\t\t<div class=\"elementor-element elementor-element-50cb69d7 elementor-invisible elementor-widget elementor-widget-text-editor\" data-id=\"50cb69d7\" data-element_type=\"widget\" data-settings=\"{&quot;_animation&quot;:&quot;fadeIn&quot;}\" data-widget_type=\"text-editor.default\">\n\t\t\t\t<div class=\"elementor-widget-container\">\n\t\t\t\t\t\t\tCont\u00e1ctanos para recibir m\u00e1s informaci\u00f3n sobre nuestro proyecto Santana \u2013 Mocoa &#8211; Neiva. Nuestro equipo est\u00e1 disponible para resolver tus dudas e inquietudes.\t\t\t\t\t\t<\/div>\n\t\t\t\t<\/div>\n\t\t\t\t<div class=\"elementor-element elementor-element-1195a847 elementor-mobile-align-center elementor-invisible elementor-widget elementor-widget-button\" data-id=\"1195a847\" data-element_type=\"widget\" data-settings=\"{&quot;_animation&quot;:&quot;fadeIn&quot;}\" data-widget_type=\"button.default\">\n\t\t\t\t<div class=\"elementor-widget-container\">\n\t\t\t\t\t<div class=\"elementor-button-wrapper\">\n\t\t\t<a href=\"https:\/\/rutaalsur.co\/Principal\/pqrs\/\" class=\"elementor-button-link elementor-button elementor-size-sm\" role=\"button\">\n\t\t\t\t\t\t<span class=\"elementor-button-content-wrapper\">\n\t\t\t\t\t\t<span class=\"elementor-button-icon elementor-align-icon-right\">\n\t\t\t\t<i aria-hidden=\"true\" class=\"fas fa-arrow-right\"><\/i>\t\t\t<\/span>\n\t\t\t\t\t\t<span class=\"elementor-button-text\">INGRESAR<\/span>\n\t\t<\/span>\n\t\t\t\t\t<\/a>\n\t\t<\/div>\n\t\t\t\t<\/div>\n\t\t\t\t<\/div>\n\t\t\t\t<div class=\"elementor-element elementor-element-3e9aa9a8 elementor-widget elementor-widget-spacer\" data-id=\"3e9aa9a8\" data-element_type=\"widget\" data-widget_type=\"spacer.default\">\n\t\t\t\t<div class=\"elementor-widget-container\">\n\t\t\t\t\t<div class=\"elementor-spacer\">\n\t\t\t<div class=\"elementor-spacer-inner\"><\/div>\n\t\t<\/div>\n\t\t\t\t<\/div>\n\t\t\t\t<\/div>\n\t\t\t\t\t<\/div>\n\t\t<\/div>\n\t\t\t\t\t\t\t<\/div>\n\t\t<\/section>\n\t\t\t\t\t\t<\/div>\n\t\t\t\t\t<\/div>\n\t\t","protected":false},"excerpt":{"rendered":"<p>Historial Notificaciones . 2022 VER AQU\u00cd 2023 VER AQU\u00cd 2024 VER AQU\u00cd 2025 VER AQU\u00cd Cont\u00e1ctanos Tienes alguna duda o inquietud? Cont\u00e1ctanos para recibir m\u00e1s informaci\u00f3n sobre nuestro proyecto Santana \u2013 Mocoa &#8211; Neiva. Nuestro equipo est\u00e1 disponible para resolver tus dudas e inquietudes. INGRESAR<\/p>\n","protected":false},"author":2,"featured_media":0,"parent":0,"menu_order":0,"comment_status":"closed","ping_status":"closed","template":"","meta":{"_joinchat":[],"footnotes":""},"class_list":["post-11129","page","type-page","status-publish","hentry"],"yoast_head":"<!-- This site is optimized with the Yoast SEO plugin v23.0 - https:\/\/yoast.com\/wordpress\/plugins\/seo\/ -->\n<title>Historico de Notificaciones - Concesionaria Ruta al Sur<\/title>\n<meta name=\"robots\" content=\"index, follow, max-snippet:-1, max-image-preview:large, max-video-preview:-1\" \/>\n<link rel=\"canonical\" href=\"https:\/\/rutaalsur.co\/Principal\/historico-notificaciones\/\" \/>\n<meta property=\"og:locale\" content=\"es_ES\" \/>\n<meta property=\"og:type\" content=\"article\" \/>\n<meta property=\"og:title\" content=\"Historico de Notificaciones - Concesionaria Ruta al Sur\" \/>\n<meta property=\"og:description\" content=\"Historial Notificaciones . 2022 VER AQU\u00cd 2023 VER AQU\u00cd 2024 VER AQU\u00cd 2025 VER AQU\u00cd Cont\u00e1ctanos Tienes alguna duda o inquietud? Cont\u00e1ctanos para recibir m\u00e1s informaci\u00f3n sobre nuestro proyecto Santana \u2013 Mocoa &#8211; Neiva. Nuestro equipo est\u00e1 disponible para resolver tus dudas e inquietudes. INGRESAR\" \/>\n<meta property=\"og:url\" content=\"https:\/\/rutaalsur.co\/Principal\/historico-notificaciones\/\" \/>\n<meta property=\"og:site_name\" content=\"Concesionaria Ruta al Sur\" \/>\n<meta property=\"article:publisher\" content=\"https:\/\/www.facebook.com\/RutaalsurOfi\" \/>\n<meta property=\"article:modified_time\" content=\"2026-01-05T18:14:03+00:00\" \/>\n<meta name=\"twitter:card\" content=\"summary_large_image\" \/>\n<meta name=\"twitter:label1\" content=\"Tiempo de lectura\" \/>\n\t<meta name=\"twitter:data1\" content=\"1 minuto\" \/>\n<script type=\"application\/ld+json\" class=\"yoast-schema-graph\">{\"@context\":\"https:\/\/schema.org\",\"@graph\":[{\"@type\":\"WebPage\",\"@id\":\"https:\/\/rutaalsur.co\/Principal\/historico-notificaciones\/\",\"url\":\"https:\/\/rutaalsur.co\/Principal\/historico-notificaciones\/\",\"name\":\"Historico de Notificaciones - Concesionaria Ruta al Sur\",\"isPartOf\":{\"@id\":\"https:\/\/rutaalsur.co\/Principal\/#website\"},\"datePublished\":\"2025-03-05T17:17:31+00:00\",\"dateModified\":\"2026-01-05T18:14:03+00:00\",\"breadcrumb\":{\"@id\":\"https:\/\/rutaalsur.co\/Principal\/historico-notificaciones\/#breadcrumb\"},\"inLanguage\":\"es\",\"potentialAction\":[{\"@type\":\"ReadAction\",\"target\":[\"https:\/\/rutaalsur.co\/Principal\/historico-notificaciones\/\"]}]},{\"@type\":\"BreadcrumbList\",\"@id\":\"https:\/\/rutaalsur.co\/Principal\/historico-notificaciones\/#breadcrumb\",\"itemListElement\":[{\"@type\":\"ListItem\",\"position\":1,\"name\":\"Portada\",\"item\":\"https:\/\/rutaalsur.co\/Principal\/\"},{\"@type\":\"ListItem\",\"position\":2,\"name\":\"Historico de Notificaciones\"}]},{\"@type\":\"WebSite\",\"@id\":\"https:\/\/rutaalsur.co\/Principal\/#website\",\"url\":\"https:\/\/rutaalsur.co\/Principal\/\",\"name\":\"Concesionaria Ruta al Sur\",\"description\":\"Bienvenidos\",\"publisher\":{\"@id\":\"https:\/\/rutaalsur.co\/Principal\/#organization\"},\"potentialAction\":[{\"@type\":\"SearchAction\",\"target\":{\"@type\":\"EntryPoint\",\"urlTemplate\":\"https:\/\/rutaalsur.co\/Principal\/?s={search_term_string}\"},\"query-input\":\"required name=search_term_string\"}],\"inLanguage\":\"es\"},{\"@type\":\"Organization\",\"@id\":\"https:\/\/rutaalsur.co\/Principal\/#organization\",\"name\":\"Ruta al Sur\",\"url\":\"https:\/\/rutaalsur.co\/Principal\/\",\"logo\":{\"@type\":\"ImageObject\",\"inLanguage\":\"es\",\"@id\":\"https:\/\/rutaalsur.co\/Principal\/#\/schema\/logo\/image\/\",\"url\":\"https:\/\/rutaalsur.co\/Principal\/wp-content\/uploads\/2021\/09\/4.png\",\"contentUrl\":\"https:\/\/rutaalsur.co\/Principal\/wp-content\/uploads\/2021\/09\/4.png\",\"width\":600,\"height\":400,\"caption\":\"Ruta al Sur\"},\"image\":{\"@id\":\"https:\/\/rutaalsur.co\/Principal\/#\/schema\/logo\/image\/\"},\"sameAs\":[\"https:\/\/www.facebook.com\/RutaalsurOfi\"]}]}<\/script>\n<!-- \/ Yoast SEO plugin. -->","yoast_head_json":{"title":"Historico de Notificaciones - Concesionaria Ruta al Sur","robots":{"index":"index","follow":"follow","max-snippet":"max-snippet:-1","max-image-preview":"max-image-preview:large","max-video-preview":"max-video-preview:-1"},"canonical":"https:\/\/rutaalsur.co\/Principal\/historico-notificaciones\/","og_locale":"es_ES","og_type":"article","og_title":"Historico de Notificaciones - Concesionaria Ruta al Sur","og_description":"Historial Notificaciones . 2022 VER AQU\u00cd 2023 VER AQU\u00cd 2024 VER AQU\u00cd 2025 VER AQU\u00cd Cont\u00e1ctanos Tienes alguna duda o inquietud? Cont\u00e1ctanos para recibir m\u00e1s informaci\u00f3n sobre nuestro proyecto Santana \u2013 Mocoa &#8211; Neiva. Nuestro equipo est\u00e1 disponible para resolver tus dudas e inquietudes. INGRESAR","og_url":"https:\/\/rutaalsur.co\/Principal\/historico-notificaciones\/","og_site_name":"Concesionaria Ruta al Sur","article_publisher":"https:\/\/www.facebook.com\/RutaalsurOfi","article_modified_time":"2026-01-05T18:14:03+00:00","twitter_card":"summary_large_image","twitter_misc":{"Tiempo de lectura":"1 minuto"},"schema":{"@context":"https:\/\/schema.org","@graph":[{"@type":"WebPage","@id":"https:\/\/rutaalsur.co\/Principal\/historico-notificaciones\/","url":"https:\/\/rutaalsur.co\/Principal\/historico-notificaciones\/","name":"Historico de Notificaciones - Concesionaria Ruta al Sur","isPartOf":{"@id":"https:\/\/rutaalsur.co\/Principal\/#website"},"datePublished":"2025-03-05T17:17:31+00:00","dateModified":"2026-01-05T18:14:03+00:00","breadcrumb":{"@id":"https:\/\/rutaalsur.co\/Principal\/historico-notificaciones\/#breadcrumb"},"inLanguage":"es","potentialAction":[{"@type":"ReadAction","target":["https:\/\/rutaalsur.co\/Principal\/historico-notificaciones\/"]}]},{"@type":"BreadcrumbList","@id":"https:\/\/rutaalsur.co\/Principal\/historico-notificaciones\/#breadcrumb","itemListElement":[{"@type":"ListItem","position":1,"name":"Portada","item":"https:\/\/rutaalsur.co\/Principal\/"},{"@type":"ListItem","position":2,"name":"Historico de Notificaciones"}]},{"@type":"WebSite","@id":"https:\/\/rutaalsur.co\/Principal\/#website","url":"https:\/\/rutaalsur.co\/Principal\/","name":"Concesionaria Ruta al Sur","description":"Bienvenidos","publisher":{"@id":"https:\/\/rutaalsur.co\/Principal\/#organization"},"potentialAction":[{"@type":"SearchAction","target":{"@type":"EntryPoint","urlTemplate":"https:\/\/rutaalsur.co\/Principal\/?s={search_term_string}"},"query-input":"required name=search_term_string"}],"inLanguage":"es"},{"@type":"Organization","@id":"https:\/\/rutaalsur.co\/Principal\/#organization","name":"Ruta al Sur","url":"https:\/\/rutaalsur.co\/Principal\/","logo":{"@type":"ImageObject","inLanguage":"es","@id":"https:\/\/rutaalsur.co\/Principal\/#\/schema\/logo\/image\/","url":"https:\/\/rutaalsur.co\/Principal\/wp-content\/uploads\/2021\/09\/4.png","contentUrl":"https:\/\/rutaalsur.co\/Principal\/wp-content\/uploads\/2021\/09\/4.png","width":600,"height":400,"caption":"Ruta al Sur"},"image":{"@id":"https:\/\/rutaalsur.co\/Principal\/#\/schema\/logo\/image\/"},"sameAs":["https:\/\/www.facebook.com\/RutaalsurOfi"]}]}},"jetpack_sharing_enabled":true,"_links":{"self":[{"href":"https:\/\/rutaalsur.co\/Principal\/wp-json\/wp\/v2\/pages\/11129","targetHints":{"allow":["GET"]}}],"collection":[{"href":"https:\/\/rutaalsur.co\/Principal\/wp-json\/wp\/v2\/pages"}],"about":[{"href":"https:\/\/rutaalsur.co\/Principal\/wp-json\/wp\/v2\/types\/page"}],"author":[{"embeddable":true,"href":"https:\/\/rutaalsur.co\/Principal\/wp-json\/wp\/v2\/users\/2"}],"replies":[{"embeddable":true,"href":"https:\/\/rutaalsur.co\/Principal\/wp-json\/wp\/v2\/comments?post=11129"}],"version-history":[{"count":25,"href":"https:\/\/rutaalsur.co\/Principal\/wp-json\/wp\/v2\/pages\/11129\/revisions"}],"predecessor-version":[{"id":13345,"href":"https:\/\/rutaalsur.co\/Principal\/wp-json\/wp\/v2\/pages\/11129\/revisions\/13345"}],"wp:attachment":[{"href":"https:\/\/rutaalsur.co\/Principal\/wp-json\/wp\/v2\/media?parent=11129"}],"curies":[{"name":"wp","href":"https:\/\/api.w.org\/{rel}","templated":true}]}}