{"id":10919,"date":"2025-01-29T17:42:08","date_gmt":"2025-01-29T17:42:08","guid":{"rendered":"https:\/\/rutaalsur.co\/Principal\/?page_id=10919"},"modified":"2025-10-21T20:02:32","modified_gmt":"2025-10-21T20:02:32","slug":"notificaciones-judiciales","status":"publish","type":"page","link":"https:\/\/rutaalsur.co\/Principal\/notificaciones-judiciales\/","title":{"rendered":"Notificaciones Judiciales"},"content":{"rendered":"\t\t<div data-elementor-type=\"wp-page\" data-elementor-id=\"10919\" class=\"elementor elementor-10919\" data-elementor-settings=\"[]\">\n\t\t\t\t\t\t\t<div class=\"elementor-section-wrap\">\n\t\t\t\t\t\t\t<section class=\"elementor-section elementor-top-section elementor-element elementor-element-9376193 elementor-section-stretched elementor-section-boxed elementor-section-height-default elementor-section-height-default\" data-id=\"9376193\" data-element_type=\"section\" data-settings=\"{&quot;stretch_section&quot;:&quot;section-stretched&quot;,&quot;background_background&quot;:&quot;classic&quot;}\">\n\t\t\t\t\t\t\t<div class=\"elementor-background-overlay\"><\/div>\n\t\t\t\t\t\t\t<div class=\"elementor-container elementor-column-gap-default\">\n\t\t\t\t\t<div class=\"elementor-column elementor-col-100 elementor-top-column elementor-element elementor-element-8cb4bbd\" data-id=\"8cb4bbd\" data-element_type=\"column\">\n\t\t\t<div class=\"elementor-widget-wrap elementor-element-populated\">\n\t\t\t\t\t\t\t\t<div class=\"elementor-element elementor-element-91d3071 elementor-widget elementor-widget-spacer\" data-id=\"91d3071\" data-element_type=\"widget\" data-widget_type=\"spacer.default\">\n\t\t\t\t<div class=\"elementor-widget-container\">\n\t\t\t\t\t<div class=\"elementor-spacer\">\n\t\t\t<div class=\"elementor-spacer-inner\"><\/div>\n\t\t<\/div>\n\t\t\t\t<\/div>\n\t\t\t\t<\/div>\n\t\t\t\t<div class=\"elementor-element elementor-element-87c2d27 elementor-widget elementor-widget-heading\" data-id=\"87c2d27\" data-element_type=\"widget\" data-widget_type=\"heading.default\">\n\t\t\t\t<div class=\"elementor-widget-container\">\n\t\t\t<h2 class=\"elementor-heading-title elementor-size-default\"> Notificaciones Judiciales<\/h2>\t\t<\/div>\n\t\t\t\t<\/div>\n\t\t\t\t<div class=\"elementor-element elementor-element-61f9929 elementor-widget-divider--view-line elementor-widget elementor-widget-divider\" data-id=\"61f9929\" data-element_type=\"widget\" data-widget_type=\"divider.default\">\n\t\t\t\t<div class=\"elementor-widget-container\">\n\t\t\t\t\t<div class=\"elementor-divider\">\n\t\t\t<span class=\"elementor-divider-separator\">\n\t\t\t\t\t\t<\/span>\n\t\t<\/div>\n\t\t\t\t<\/div>\n\t\t\t\t<\/div>\n\t\t\t\t<div class=\"elementor-element elementor-element-1e5a175 elementor-widget elementor-widget-spacer\" data-id=\"1e5a175\" data-element_type=\"widget\" data-widget_type=\"spacer.default\">\n\t\t\t\t<div class=\"elementor-widget-container\">\n\t\t\t\t\t<div class=\"elementor-spacer\">\n\t\t\t<div class=\"elementor-spacer-inner\"><\/div>\n\t\t<\/div>\n\t\t\t\t<\/div>\n\t\t\t\t<\/div>\n\t\t\t\t\t<\/div>\n\t\t<\/div>\n\t\t\t\t\t\t\t<\/div>\n\t\t<\/section>\n\t\t\t\t<section class=\"elementor-section elementor-top-section elementor-element elementor-element-cbd0673 elementor-section-stretched elementor-section-boxed elementor-section-height-default elementor-section-height-default\" data-id=\"cbd0673\" data-element_type=\"section\" data-settings=\"{&quot;stretch_section&quot;:&quot;section-stretched&quot;}\">\n\t\t\t\t\t\t<div class=\"elementor-container elementor-column-gap-default\">\n\t\t\t\t\t<div class=\"elementor-column elementor-col-100 elementor-top-column elementor-element elementor-element-1030a71\" data-id=\"1030a71\" data-element_type=\"column\">\n\t\t\t<div class=\"elementor-widget-wrap elementor-element-populated\">\n\t\t\t\t\t\t\t\t<div class=\"elementor-element elementor-element-51a6240 elementor-widget elementor-widget-spacer\" data-id=\"51a6240\" data-element_type=\"widget\" data-widget_type=\"spacer.default\">\n\t\t\t\t<div class=\"elementor-widget-container\">\n\t\t\t\t\t<div class=\"elementor-spacer\">\n\t\t\t<div class=\"elementor-spacer-inner\"><\/div>\n\t\t<\/div>\n\t\t\t\t<\/div>\n\t\t\t\t<\/div>\n\t\t\t\t<div class=\"elementor-element elementor-element-280f6d5 elementor-flip-box--3d elementor-flip-box--effect-flip elementor-flip-box--direction-up elementor-widget elementor-widget-flip-box\" data-id=\"280f6d5\" data-element_type=\"widget\" data-widget_type=\"flip-box.default\">\n\t\t\t\t<div class=\"elementor-widget-container\">\n\t\t\t\t\t<div class=\"elementor-flip-box\">\n\t\t\t<div class=\"elementor-flip-box__layer elementor-flip-box__front\">\n\t\t\t\t<div class=\"elementor-flip-box__layer__overlay\">\n\t\t\t\t\t<div class=\"elementor-flip-box__layer__inner\">\n\t\t\t\t\t\t\t\t\t\t\t\t\t<div class=\"elementor-icon-wrapper elementor-view-stacked elementor-shape-circle\">\n\t\t\t\t\t\t\t\t<div class=\"elementor-icon\">\n\t\t\t\t\t\t\t\t\t<i class=\"fas fa-store-alt\"><\/i>\t\t\t\t\t\t\t\t<\/div>\n\t\t\t\t\t\t\t<\/div>\n\t\t\t\t\t\t\n\t\t\t\t\t\t\t\t\t\t\t\t\t<h3 class=\"elementor-flip-box__layer__title\">\n\t\t\t\t\t\t\t\tNOTIFICACIONES JUDICIALES\t\t\t\t\t\t\t<\/h3>\n\t\t\t\t\t\t\n\t\t\t\t\t\t\t\t\t\t\t<\/div>\n\t\t\t\t<\/div>\n\t\t\t<\/div>\n\t\t\t<div class=\"elementor-flip-box__layer elementor-flip-box__back\">\n\t\t\t<div class=\"elementor-flip-box__layer__overlay\">\n\t\t\t\t<div class=\"elementor-flip-box__layer__inner\">\n\t\t\t\t\t\n\t\t\t\t\t\n\t\t\t\t\t\t\t\t<\/div>\n\t\t<\/div>\n\t\t<\/div>\n\t\t<\/div>\n\t\t\t\t<\/div>\n\t\t\t\t<\/div>\n\t\t\t\t<div class=\"elementor-element elementor-element-dce2cd0 elementor-widget elementor-widget-spacer\" data-id=\"dce2cd0\" data-element_type=\"widget\" data-widget_type=\"spacer.default\">\n\t\t\t\t<div class=\"elementor-widget-container\">\n\t\t\t\t\t<div class=\"elementor-spacer\">\n\t\t\t<div class=\"elementor-spacer-inner\"><\/div>\n\t\t<\/div>\n\t\t\t\t<\/div>\n\t\t\t\t<\/div>\n\t\t\t\t<section class=\"elementor-section elementor-inner-section elementor-element elementor-element-3e828d3 elementor-section-boxed elementor-section-height-default elementor-section-height-default\" data-id=\"3e828d3\" data-element_type=\"section\">\n\t\t\t\t\t\t<div class=\"elementor-container elementor-column-gap-default\">\n\t\t\t\t\t<div class=\"elementor-column elementor-col-25 elementor-inner-column elementor-element elementor-element-535aae0\" data-id=\"535aae0\" data-element_type=\"column\" data-settings=\"{&quot;background_background&quot;:&quot;classic&quot;}\">\n\t\t\t<div class=\"elementor-widget-wrap elementor-element-populated\">\n\t\t\t\t\t\t\t\t\t<\/div>\n\t\t<\/div>\n\t\t\t\t<div class=\"elementor-column elementor-col-25 elementor-inner-column elementor-element elementor-element-3151f8b\" data-id=\"3151f8b\" data-element_type=\"column\" data-settings=\"{&quot;background_background&quot;:&quot;classic&quot;}\">\n\t\t\t<div class=\"elementor-widget-wrap elementor-element-populated\">\n\t\t\t\t\t\t\t\t\t<\/div>\n\t\t<\/div>\n\t\t\t\t<div class=\"elementor-column elementor-col-25 elementor-inner-column elementor-element elementor-element-2ff07eb\" data-id=\"2ff07eb\" data-element_type=\"column\" data-settings=\"{&quot;background_background&quot;:&quot;classic&quot;}\">\n\t\t\t<div class=\"elementor-widget-wrap elementor-element-populated\">\n\t\t\t\t\t\t\t\t<div class=\"elementor-element elementor-element-0c954a1 elementor-widget elementor-widget-heading\" data-id=\"0c954a1\" data-element_type=\"widget\" data-widget_type=\"heading.default\">\n\t\t\t\t<div class=\"elementor-widget-container\">\n\t\t\t<h2 class=\"elementor-heading-title elementor-size-medium\">Aviso<\/h2>\t\t<\/div>\n\t\t\t\t<\/div>\n\t\t\t\t\t<\/div>\n\t\t<\/div>\n\t\t\t\t<div class=\"elementor-column elementor-col-25 elementor-inner-column elementor-element elementor-element-a815ea7\" data-id=\"a815ea7\" data-element_type=\"column\" data-settings=\"{&quot;background_background&quot;:&quot;classic&quot;}\">\n\t\t\t<div class=\"elementor-widget-wrap elementor-element-populated\">\n\t\t\t\t\t\t\t\t<div class=\"elementor-element elementor-element-ecf9e20 elementor-widget elementor-widget-heading\" data-id=\"ecf9e20\" data-element_type=\"widget\" data-widget_type=\"heading.default\">\n\t\t\t\t<div class=\"elementor-widget-container\">\n\t\t\t<h2 class=\"elementor-heading-title elementor-size-medium\">Documento<\/h2>\t\t<\/div>\n\t\t\t\t<\/div>\n\t\t\t\t\t<\/div>\n\t\t<\/div>\n\t\t\t\t\t\t\t<\/div>\n\t\t<\/section>\n\t\t\t\t<div class=\"elementor-element elementor-element-b2687d8 elementor-widget elementor-widget-spacer\" data-id=\"b2687d8\" data-element_type=\"widget\" data-widget_type=\"spacer.default\">\n\t\t\t\t<div class=\"elementor-widget-container\">\n\t\t\t\t\t<div class=\"elementor-spacer\">\n\t\t\t<div class=\"elementor-spacer-inner\"><\/div>\n\t\t<\/div>\n\t\t\t\t<\/div>\n\t\t\t\t<\/div>\n\t\t\t\t<section class=\"elementor-section elementor-inner-section elementor-element elementor-element-a2fd39a elementor-section-boxed elementor-section-height-default elementor-section-height-default\" data-id=\"a2fd39a\" data-element_type=\"section\">\n\t\t\t\t\t\t<div class=\"elementor-container elementor-column-gap-default\">\n\t\t\t\t\t<div class=\"elementor-column elementor-col-50 elementor-inner-column elementor-element elementor-element-acf2833\" data-id=\"acf2833\" data-element_type=\"column\">\n\t\t\t<div class=\"elementor-widget-wrap elementor-element-populated\">\n\t\t\t\t\t\t\t\t<div class=\"elementor-element elementor-element-1aabb60 elementor-widget elementor-widget-spacer\" data-id=\"1aabb60\" data-element_type=\"widget\" data-widget_type=\"spacer.default\">\n\t\t\t\t<div class=\"elementor-widget-container\">\n\t\t\t\t\t<div class=\"elementor-spacer\">\n\t\t\t<div class=\"elementor-spacer-inner\"><\/div>\n\t\t<\/div>\n\t\t\t\t<\/div>\n\t\t\t\t<\/div>\n\t\t\t\t<div class=\"elementor-element elementor-element-3e5d808 elementor-invisible elementor-widget elementor-widget-text-editor\" data-id=\"3e5d808\" data-element_type=\"widget\" data-settings=\"{&quot;_animation&quot;:&quot;fadeIn&quot;}\" data-widget_type=\"text-editor.default\">\n\t\t\t\t<div class=\"elementor-widget-container\">\n\t\t\t\t\t\t\t<p data-ogsb=\"rgb(255, 255, 255)\">Que el Tribunal Administrativo de Cundinamarca, Secci\u00f3n Primera Subsecci\u00f3n C, expediente A.P. 25000-23-41-000-2025-01388-00, adelanta el tr\u00e1mite de una demanda en ejercicio del medio de control de protecci\u00f3n de derechos e intereses colectivos como consecuencia de la demanda formulada por JUAN JOS\u00c9 CAMUES L\u00d3PEZ contra la NACI\u00d3N \u2013 MINISTERIO DE AMBIENTE Y DESARROLLO SOSTENIBLE, NACI\u00d3N &#8211; MINISTERIO DE SALUD Y PROTECCI\u00d3N SOCIAL, E.S.E. HOSPITAL SAN GABRIEL ARC\u00c1NGEL DE VILLAGARZ\u00d3N, MUNICIPIO DE VILLAGARZ\u00d3N y su CONCEJO MUNICIPAL, DEPARTAMENTO DE PUTUMAYO, UNIDAD NACIONAL PARA LA GESTI\u00d3N DEL RIESGO DE DESASTRES \u2013 UNGRD, AGUAS LA CRISTALINA S.A. E.S.P., AGENCIA NACIONAL DE INFRAESTRUCTURA \u2013 ANI, CONCESIONARIA RUTA AL SUR S.A.S., CONSTRUCCIONES EL CONDOR S.A., CONSORCIO INTERRA TLS, AUTORIDAD NACIONAL DE LICENCIAS AMBIENTALES &#8211; ANLA y, la PERSONER\u00cdA DEL MUNICIPIO DE VILLAGARZ\u00d3N, por la presunta amenaza y\/o vulneraci\u00f3n de los derechos colectivos al goce de un ambiente sano, moralidad administrativa, existencia del equilibrio ecol\u00f3gico y el manejo y aprovechamiento racional de los recursos naturales para garantizar su desarrollo sostenible, su conservaci\u00f3n, restauraci\u00f3n o sustituci\u00f3n. La conservaci\u00f3n de las especies animales y vegetales, la protecci\u00f3n de \u00e1reas de especial importancia ecol\u00f3gica, de los ecosistemas situados en las zonas fronterizas, as\u00ed como los dem\u00e1s intereses de la comunidad relacionados con la preservaci\u00f3n y restauraci\u00f3n del medio ambiente, la seguridad y salubridad p\u00fablicas, la seguridad y prevenci\u00f3n de desastres previsibles t\u00e9cnicamente y la realizaci\u00f3n de las construcciones, edificaciones y desarrollos urbanos respetando las disposiciones jur\u00eddicas, de manera ordenada, y dando prevalencia al beneficio de la calidad de vida de los habitantes, por la acci\u00f3n u omisi\u00f3n en la que incurrieron las entidades accionadas en relaci\u00f3n con los habitantes del barrio La Esmeralda del Municipio de Villagarz\u00f3n \u2013 Putumayo, por las afectaciones presuntamente derivadas de las actividades constructivas relativas a la Unidad Funcional 7 del Contrato de Concesi\u00f3n No. 12 de 2015<\/p>\t\t\t\t\t\t<\/div>\n\t\t\t\t<\/div>\n\t\t\t\t\t<\/div>\n\t\t<\/div>\n\t\t\t\t<div class=\"elementor-column elementor-col-50 elementor-inner-column elementor-element elementor-element-633a19e\" data-id=\"633a19e\" data-element_type=\"column\">\n\t\t\t<div class=\"elementor-widget-wrap elementor-element-populated\">\n\t\t\t\t\t\t\t\t<div class=\"elementor-element elementor-element-42bae23 elementor-widget elementor-widget-spacer\" data-id=\"42bae23\" data-element_type=\"widget\" data-widget_type=\"spacer.default\">\n\t\t\t\t<div class=\"elementor-widget-container\">\n\t\t\t\t\t<div class=\"elementor-spacer\">\n\t\t\t<div class=\"elementor-spacer-inner\"><\/div>\n\t\t<\/div>\n\t\t\t\t<\/div>\n\t\t\t\t<\/div>\n\t\t\t\t<div class=\"elementor-element elementor-element-773032a elementor-align-right elementor-widget elementor-widget-button\" data-id=\"773032a\" data-element_type=\"widget\" data-widget_type=\"button.default\">\n\t\t\t\t<div class=\"elementor-widget-container\">\n\t\t\t\t\t<div class=\"elementor-button-wrapper\">\n\t\t\t<a href=\"https:\/\/rutaalsur.co\/Principal\/wp-content\/uploads\/2025\/10\/11_Autoadmitedem_FABIANAP202501388Aut_0_20251007102921355.pdf\" class=\"elementor-button-link elementor-button elementor-size-xs\" role=\"button\">\n\t\t\t\t\t\t<span class=\"elementor-button-content-wrapper\">\n\t\t\t\t\t\t<span class=\"elementor-button-text\">Ver Documento<\/span>\n\t\t<\/span>\n\t\t\t\t\t<\/a>\n\t\t<\/div>\n\t\t\t\t<\/div>\n\t\t\t\t<\/div>\n\t\t\t\t\t<\/div>\n\t\t<\/div>\n\t\t\t\t\t\t\t<\/div>\n\t\t<\/section>\n\t\t\t\t<section class=\"elementor-section elementor-inner-section elementor-element elementor-element-11c69d1 elementor-section-boxed elementor-section-height-default elementor-section-height-default\" data-id=\"11c69d1\" data-element_type=\"section\">\n\t\t\t\t\t\t<div class=\"elementor-container elementor-column-gap-default\">\n\t\t\t\t\t<div class=\"elementor-column elementor-col-50 elementor-inner-column elementor-element elementor-element-7b337f2\" data-id=\"7b337f2\" data-element_type=\"column\">\n\t\t\t<div class=\"elementor-widget-wrap elementor-element-populated\">\n\t\t\t\t\t\t\t\t<div class=\"elementor-element elementor-element-ca507d4 elementor-widget elementor-widget-spacer\" data-id=\"ca507d4\" data-element_type=\"widget\" data-widget_type=\"spacer.default\">\n\t\t\t\t<div class=\"elementor-widget-container\">\n\t\t\t\t\t<div class=\"elementor-spacer\">\n\t\t\t<div class=\"elementor-spacer-inner\"><\/div>\n\t\t<\/div>\n\t\t\t\t<\/div>\n\t\t\t\t<\/div>\n\t\t\t\t<div class=\"elementor-element elementor-element-04d5df6 elementor-invisible elementor-widget elementor-widget-text-editor\" data-id=\"04d5df6\" data-element_type=\"widget\" data-settings=\"{&quot;_animation&quot;:&quot;fadeIn&quot;}\" data-widget_type=\"text-editor.default\">\n\t\t\t\t<div class=\"elementor-widget-container\">\n\t\t\t\t\t\t\t<p data-ogsb=\"rgb(255, 255, 255)\">TRIBUNAL CONTENCIOSO ADMINISTRATIVO DEL HUILA CON EL FIN DE INFORMAR A LOS DEMAS MIEMBROS DEL GRUPO QUE SE CONSIDEREN AFECTADOS, DE CONFORMIDAD A LO ESTABLECIDO EN EL ARTICULO 21 DE LA LEY 472 DE 1998,<\/p><p data-ogsb=\"rgb(255, 255, 255)\">A V I S A: Que mediante auto dictado el cinco (5) de noviembre de dos mil veinticuatro (2024), se orden\u00f3 admitir y dar tr\u00e1mite a la ACCION POPULAR, interpuesta por el se\u00f1or JOS\u00c9 IGNACIO ARCHIPIZ D\u00cdZA en contra del AGENCIA NACIONAL DE INFRAESTRUCTURA \u2013 ANI, CONCESIONARIA AUTOV\u00cdA NEIVA \u2013 GIRARDOT S.A.S. y CONCESIONARIA RUTA AL SUR S.A.S\u00a0<\/p>\t\t\t\t\t\t<\/div>\n\t\t\t\t<\/div>\n\t\t\t\t\t<\/div>\n\t\t<\/div>\n\t\t\t\t<div class=\"elementor-column elementor-col-50 elementor-inner-column elementor-element elementor-element-7aa54b6\" data-id=\"7aa54b6\" data-element_type=\"column\">\n\t\t\t<div class=\"elementor-widget-wrap elementor-element-populated\">\n\t\t\t\t\t\t\t\t<div class=\"elementor-element elementor-element-23b400b elementor-widget elementor-widget-spacer\" data-id=\"23b400b\" data-element_type=\"widget\" data-widget_type=\"spacer.default\">\n\t\t\t\t<div class=\"elementor-widget-container\">\n\t\t\t\t\t<div class=\"elementor-spacer\">\n\t\t\t<div class=\"elementor-spacer-inner\"><\/div>\n\t\t<\/div>\n\t\t\t\t<\/div>\n\t\t\t\t<\/div>\n\t\t\t\t<div class=\"elementor-element elementor-element-464a563 elementor-align-right elementor-widget elementor-widget-button\" data-id=\"464a563\" data-element_type=\"widget\" data-widget_type=\"button.default\">\n\t\t\t\t<div class=\"elementor-widget-container\">\n\t\t\t\t\t<div class=\"elementor-button-wrapper\">\n\t\t\t<a href=\"https:\/\/rutaalsur.co\/Principal\/wp-content\/uploads\/2025\/01\/41001233300020240031100.pdf\" class=\"elementor-button-link elementor-button elementor-size-xs\" role=\"button\">\n\t\t\t\t\t\t<span class=\"elementor-button-content-wrapper\">\n\t\t\t\t\t\t<span class=\"elementor-button-text\">Ver Documento<\/span>\n\t\t<\/span>\n\t\t\t\t\t<\/a>\n\t\t<\/div>\n\t\t\t\t<\/div>\n\t\t\t\t<\/div>\n\t\t\t\t\t<\/div>\n\t\t<\/div>\n\t\t\t\t\t\t\t<\/div>\n\t\t<\/section>\n\t\t\t\t<div class=\"elementor-element elementor-element-e625caf elementor-widget elementor-widget-spacer\" data-id=\"e625caf\" data-element_type=\"widget\" data-widget_type=\"spacer.default\">\n\t\t\t\t<div class=\"elementor-widget-container\">\n\t\t\t\t\t<div class=\"elementor-spacer\">\n\t\t\t<div class=\"elementor-spacer-inner\"><\/div>\n\t\t<\/div>\n\t\t\t\t<\/div>\n\t\t\t\t<\/div>\n\t\t\t\t<div class=\"elementor-element elementor-element-bce76e5 elementor-widget elementor-widget-spacer\" data-id=\"bce76e5\" data-element_type=\"widget\" data-widget_type=\"spacer.default\">\n\t\t\t\t<div class=\"elementor-widget-container\">\n\t\t\t\t\t<div class=\"elementor-spacer\">\n\t\t\t<div class=\"elementor-spacer-inner\"><\/div>\n\t\t<\/div>\n\t\t\t\t<\/div>\n\t\t\t\t<\/div>\n\t\t\t\t\t<\/div>\n\t\t<\/div>\n\t\t\t\t\t\t\t<\/div>\n\t\t<\/section>\n\t\t\t\t\t\t<\/div>\n\t\t\t\t\t<\/div>\n\t\t","protected":false},"excerpt":{"rendered":"<p>Notificaciones Judiciales NOTIFICACIONES JUDICIALES Aviso Documento Que el Tribunal Administrativo de Cundinamarca, Secci\u00f3n Primera Subsecci\u00f3n C, expediente A.P. 25000-23-41-000-2025-01388-00, adelanta el tr\u00e1mite de una demanda en ejercicio del medio de control de protecci\u00f3n de derechos e intereses colectivos como consecuencia de la demanda formulada por JUAN JOS\u00c9 CAMUES L\u00d3PEZ contra la NACI\u00d3N \u2013 MINISTERIO DE [&hellip;]<\/p>\n","protected":false},"author":2,"featured_media":0,"parent":0,"menu_order":0,"comment_status":"closed","ping_status":"closed","template":"","meta":{"_joinchat":[],"footnotes":""},"class_list":["post-10919","page","type-page","status-publish","hentry"],"yoast_head":"<!-- This site is optimized with the Yoast SEO plugin v23.0 - https:\/\/yoast.com\/wordpress\/plugins\/seo\/ -->\n<title>Notificaciones Judiciales - Concesionaria Ruta al Sur<\/title>\n<meta name=\"robots\" content=\"index, follow, max-snippet:-1, max-image-preview:large, max-video-preview:-1\" \/>\n<link rel=\"canonical\" href=\"https:\/\/rutaalsur.co\/Principal\/notificaciones-judiciales\/\" \/>\n<meta property=\"og:locale\" content=\"es_ES\" \/>\n<meta property=\"og:type\" content=\"article\" \/>\n<meta property=\"og:title\" content=\"Notificaciones Judiciales - Concesionaria Ruta al Sur\" \/>\n<meta property=\"og:description\" content=\"Notificaciones Judiciales NOTIFICACIONES JUDICIALES Aviso Documento Que el Tribunal Administrativo de Cundinamarca, Secci\u00f3n Primera Subsecci\u00f3n C, expediente A.P. 25000-23-41-000-2025-01388-00, adelanta el tr\u00e1mite de una demanda en ejercicio del medio de control de protecci\u00f3n de derechos e intereses colectivos como consecuencia de la demanda formulada por JUAN JOS\u00c9 CAMUES L\u00d3PEZ contra la NACI\u00d3N \u2013 MINISTERIO DE [&hellip;]\" \/>\n<meta property=\"og:url\" content=\"https:\/\/rutaalsur.co\/Principal\/notificaciones-judiciales\/\" \/>\n<meta property=\"og:site_name\" content=\"Concesionaria Ruta al Sur\" \/>\n<meta property=\"article:publisher\" content=\"https:\/\/www.facebook.com\/RutaalsurOfi\" \/>\n<meta property=\"article:modified_time\" content=\"2025-10-21T20:02:32+00:00\" \/>\n<meta name=\"twitter:card\" content=\"summary_large_image\" \/>\n<meta name=\"twitter:label1\" content=\"Tiempo de lectura\" \/>\n\t<meta name=\"twitter:data1\" content=\"2 minutos\" \/>\n<script type=\"application\/ld+json\" class=\"yoast-schema-graph\">{\"@context\":\"https:\/\/schema.org\",\"@graph\":[{\"@type\":\"WebPage\",\"@id\":\"https:\/\/rutaalsur.co\/Principal\/notificaciones-judiciales\/\",\"url\":\"https:\/\/rutaalsur.co\/Principal\/notificaciones-judiciales\/\",\"name\":\"Notificaciones Judiciales - Concesionaria Ruta al Sur\",\"isPartOf\":{\"@id\":\"https:\/\/rutaalsur.co\/Principal\/#website\"},\"datePublished\":\"2025-01-29T17:42:08+00:00\",\"dateModified\":\"2025-10-21T20:02:32+00:00\",\"breadcrumb\":{\"@id\":\"https:\/\/rutaalsur.co\/Principal\/notificaciones-judiciales\/#breadcrumb\"},\"inLanguage\":\"es\",\"potentialAction\":[{\"@type\":\"ReadAction\",\"target\":[\"https:\/\/rutaalsur.co\/Principal\/notificaciones-judiciales\/\"]}]},{\"@type\":\"BreadcrumbList\",\"@id\":\"https:\/\/rutaalsur.co\/Principal\/notificaciones-judiciales\/#breadcrumb\",\"itemListElement\":[{\"@type\":\"ListItem\",\"position\":1,\"name\":\"Portada\",\"item\":\"https:\/\/rutaalsur.co\/Principal\/\"},{\"@type\":\"ListItem\",\"position\":2,\"name\":\"Notificaciones Judiciales\"}]},{\"@type\":\"WebSite\",\"@id\":\"https:\/\/rutaalsur.co\/Principal\/#website\",\"url\":\"https:\/\/rutaalsur.co\/Principal\/\",\"name\":\"Concesionaria Ruta al Sur\",\"description\":\"Bienvenidos\",\"publisher\":{\"@id\":\"https:\/\/rutaalsur.co\/Principal\/#organization\"},\"potentialAction\":[{\"@type\":\"SearchAction\",\"target\":{\"@type\":\"EntryPoint\",\"urlTemplate\":\"https:\/\/rutaalsur.co\/Principal\/?s={search_term_string}\"},\"query-input\":\"required name=search_term_string\"}],\"inLanguage\":\"es\"},{\"@type\":\"Organization\",\"@id\":\"https:\/\/rutaalsur.co\/Principal\/#organization\",\"name\":\"Ruta al Sur\",\"url\":\"https:\/\/rutaalsur.co\/Principal\/\",\"logo\":{\"@type\":\"ImageObject\",\"inLanguage\":\"es\",\"@id\":\"https:\/\/rutaalsur.co\/Principal\/#\/schema\/logo\/image\/\",\"url\":\"https:\/\/rutaalsur.co\/Principal\/wp-content\/uploads\/2021\/09\/4.png\",\"contentUrl\":\"https:\/\/rutaalsur.co\/Principal\/wp-content\/uploads\/2021\/09\/4.png\",\"width\":600,\"height\":400,\"caption\":\"Ruta al Sur\"},\"image\":{\"@id\":\"https:\/\/rutaalsur.co\/Principal\/#\/schema\/logo\/image\/\"},\"sameAs\":[\"https:\/\/www.facebook.com\/RutaalsurOfi\"]}]}<\/script>\n<!-- \/ Yoast SEO plugin. -->","yoast_head_json":{"title":"Notificaciones Judiciales - Concesionaria Ruta al Sur","robots":{"index":"index","follow":"follow","max-snippet":"max-snippet:-1","max-image-preview":"max-image-preview:large","max-video-preview":"max-video-preview:-1"},"canonical":"https:\/\/rutaalsur.co\/Principal\/notificaciones-judiciales\/","og_locale":"es_ES","og_type":"article","og_title":"Notificaciones Judiciales - Concesionaria Ruta al Sur","og_description":"Notificaciones Judiciales NOTIFICACIONES JUDICIALES Aviso Documento Que el Tribunal Administrativo de Cundinamarca, Secci\u00f3n Primera Subsecci\u00f3n C, expediente A.P. 25000-23-41-000-2025-01388-00, adelanta el tr\u00e1mite de una demanda en ejercicio del medio de control de protecci\u00f3n de derechos e intereses colectivos como consecuencia de la demanda formulada por JUAN JOS\u00c9 CAMUES L\u00d3PEZ contra la NACI\u00d3N \u2013 MINISTERIO DE [&hellip;]","og_url":"https:\/\/rutaalsur.co\/Principal\/notificaciones-judiciales\/","og_site_name":"Concesionaria Ruta al Sur","article_publisher":"https:\/\/www.facebook.com\/RutaalsurOfi","article_modified_time":"2025-10-21T20:02:32+00:00","twitter_card":"summary_large_image","twitter_misc":{"Tiempo de lectura":"2 minutos"},"schema":{"@context":"https:\/\/schema.org","@graph":[{"@type":"WebPage","@id":"https:\/\/rutaalsur.co\/Principal\/notificaciones-judiciales\/","url":"https:\/\/rutaalsur.co\/Principal\/notificaciones-judiciales\/","name":"Notificaciones Judiciales - Concesionaria Ruta al Sur","isPartOf":{"@id":"https:\/\/rutaalsur.co\/Principal\/#website"},"datePublished":"2025-01-29T17:42:08+00:00","dateModified":"2025-10-21T20:02:32+00:00","breadcrumb":{"@id":"https:\/\/rutaalsur.co\/Principal\/notificaciones-judiciales\/#breadcrumb"},"inLanguage":"es","potentialAction":[{"@type":"ReadAction","target":["https:\/\/rutaalsur.co\/Principal\/notificaciones-judiciales\/"]}]},{"@type":"BreadcrumbList","@id":"https:\/\/rutaalsur.co\/Principal\/notificaciones-judiciales\/#breadcrumb","itemListElement":[{"@type":"ListItem","position":1,"name":"Portada","item":"https:\/\/rutaalsur.co\/Principal\/"},{"@type":"ListItem","position":2,"name":"Notificaciones Judiciales"}]},{"@type":"WebSite","@id":"https:\/\/rutaalsur.co\/Principal\/#website","url":"https:\/\/rutaalsur.co\/Principal\/","name":"Concesionaria Ruta al Sur","description":"Bienvenidos","publisher":{"@id":"https:\/\/rutaalsur.co\/Principal\/#organization"},"potentialAction":[{"@type":"SearchAction","target":{"@type":"EntryPoint","urlTemplate":"https:\/\/rutaalsur.co\/Principal\/?s={search_term_string}"},"query-input":"required name=search_term_string"}],"inLanguage":"es"},{"@type":"Organization","@id":"https:\/\/rutaalsur.co\/Principal\/#organization","name":"Ruta al Sur","url":"https:\/\/rutaalsur.co\/Principal\/","logo":{"@type":"ImageObject","inLanguage":"es","@id":"https:\/\/rutaalsur.co\/Principal\/#\/schema\/logo\/image\/","url":"https:\/\/rutaalsur.co\/Principal\/wp-content\/uploads\/2021\/09\/4.png","contentUrl":"https:\/\/rutaalsur.co\/Principal\/wp-content\/uploads\/2021\/09\/4.png","width":600,"height":400,"caption":"Ruta al Sur"},"image":{"@id":"https:\/\/rutaalsur.co\/Principal\/#\/schema\/logo\/image\/"},"sameAs":["https:\/\/www.facebook.com\/RutaalsurOfi"]}]}},"jetpack_sharing_enabled":true,"_links":{"self":[{"href":"https:\/\/rutaalsur.co\/Principal\/wp-json\/wp\/v2\/pages\/10919","targetHints":{"allow":["GET"]}}],"collection":[{"href":"https:\/\/rutaalsur.co\/Principal\/wp-json\/wp\/v2\/pages"}],"about":[{"href":"https:\/\/rutaalsur.co\/Principal\/wp-json\/wp\/v2\/types\/page"}],"author":[{"embeddable":true,"href":"https:\/\/rutaalsur.co\/Principal\/wp-json\/wp\/v2\/users\/2"}],"replies":[{"embeddable":true,"href":"https:\/\/rutaalsur.co\/Principal\/wp-json\/wp\/v2\/comments?post=10919"}],"version-history":[{"count":23,"href":"https:\/\/rutaalsur.co\/Principal\/wp-json\/wp\/v2\/pages\/10919\/revisions"}],"predecessor-version":[{"id":12659,"href":"https:\/\/rutaalsur.co\/Principal\/wp-json\/wp\/v2\/pages\/10919\/revisions\/12659"}],"wp:attachment":[{"href":"https:\/\/rutaalsur.co\/Principal\/wp-json\/wp\/v2\/media?parent=10919"}],"curies":[{"name":"wp","href":"https:\/\/api.w.org\/{rel}","templated":true}]}}